{"id":1013,"date":"2025-11-30T17:34:10","date_gmt":"2025-11-30T16:34:10","guid":{"rendered":"https:\/\/capoeirabrasilma.com\/?page_id=1013"},"modified":"2025-11-30T17:37:32","modified_gmt":"2025-11-30T16:37:32","slug":"nos-partenaires","status":"publish","type":"page","link":"https:\/\/capoeirabrasilma.com\/index.php\/nos-partenaires\/","title":{"rendered":"Nos partenaires"},"content":{"rendered":"\t\t<div data-elementor-type=\"wp-page\" data-elementor-id=\"1013\" class=\"elementor elementor-1013\">\n\t\t\t\t<div class=\"elementor-element elementor-element-a1131c9 e-flex e-con-boxed e-con e-parent\" data-id=\"a1131c9\" data-element_type=\"container\">\n\t\t\t\t\t<div class=\"e-con-inner\">\n\t\t\t\t<div class=\"elementor-element elementor-element-e29c2bd elementor-widget elementor-widget-heading\" data-id=\"e29c2bd\" data-element_type=\"widget\" data-widget_type=\"heading.default\">\n\t\t\t\t<div class=\"elementor-widget-container\">\n\t\t\t\t\t<h2 class=\"elementor-heading-title elementor-size-default\">Nos partenaires <br><\/h2>\t\t\t\t<\/div>\n\t\t\t\t<\/div>\n\t\t\t\t\t<\/div>\n\t\t\t\t<\/div>\n\t\t<div class=\"elementor-element elementor-element-5b7c86d e-flex e-con-boxed e-con e-parent\" data-id=\"5b7c86d\" data-element_type=\"container\">\n\t\t\t\t\t<div class=\"e-con-inner\">\n\t\t\t\t<div class=\"elementor-element elementor-element-e40e92c elementor-widget elementor-widget-text-editor\" data-id=\"e40e92c\" data-element_type=\"widget\" data-widget_type=\"text-editor.default\">\n\t\t\t\t<div class=\"elementor-widget-container\">\n\t\t\t\t\t\t\t\t\t<p>Ils nous soutiennent et nous permettent d&rsquo;organiser des \u00e9v\u00e8nements tout au long de l&rsquo;ann\u00e9e !&nbsp;<\/p>\n<p>Si vous voulez nous rejoindre, n&rsquo;h\u00e9sitez pas \u00e0 nous contacter par mail : capoeirabrasilma@gmail.com<\/p>\t\t\t\t\t\t\t\t<\/div>\n\t\t\t\t<\/div>\n\t\t\t\t<div class=\"elementor-element elementor-element-8e7e70d elementor-widget-divider--view-line elementor-widget elementor-widget-divider\" data-id=\"8e7e70d\" data-element_type=\"widget\" data-widget_type=\"divider.default\">\n\t\t\t\t<div class=\"elementor-widget-container\">\n\t\t\t\t\t\t\t<div class=\"elementor-divider\">\n\t\t\t<span class=\"elementor-divider-separator\">\n\t\t\t\t\t\t<\/span>\n\t\t<\/div>\n\t\t\t\t\t\t<\/div>\n\t\t\t\t<\/div>\n\t\t\t\t\t<\/div>\n\t\t\t\t<\/div>\n\t\t\t\t<\/div>\n\t\t","protected":false},"excerpt":{"rendered":"<p>Nos partenaires Ils nous soutiennent et nous permettent d&rsquo;organiser des \u00e9v\u00e8nements tout au long de l&rsquo;ann\u00e9e !&nbsp; Si vous voulez nous rejoindre, n&rsquo;h\u00e9sitez pas \u00e0 nous contacter par mail : capoeirabrasilma@gmail.com<\/p>\n","protected":false},"author":1,"featured_media":0,"parent":0,"menu_order":0,"comment_status":"closed","ping_status":"closed","template":"","meta":{"_eb_attr":"","footnotes":""},"class_list":["post-1013","page","type-page","status-publish","hentry","entry"],"yoast_head":"<!-- This site is optimized with the Yoast SEO plugin v23.7 - https:\/\/yoast.com\/wordpress\/plugins\/seo\/ -->\n<title>Nos partenaires - Capoeira Maisons-Alfort<\/title>\n<meta name=\"robots\" content=\"index, follow, max-snippet:-1, max-image-preview:large, max-video-preview:-1\" \/>\n<link rel=\"canonical\" href=\"https:\/\/capoeirabrasilma.com\/index.php\/nos-partenaires\/\" \/>\n<meta property=\"og:locale\" content=\"fr_FR\" \/>\n<meta property=\"og:type\" content=\"article\" \/>\n<meta property=\"og:title\" content=\"Nos partenaires - Capoeira Maisons-Alfort\" \/>\n<meta property=\"og:description\" content=\"Nos partenaires Ils nous soutiennent et nous permettent d&rsquo;organiser des \u00e9v\u00e8nements tout au long de l&rsquo;ann\u00e9e !&nbsp; Si vous voulez nous rejoindre, n&rsquo;h\u00e9sitez pas \u00e0 nous contacter par mail : capoeirabrasilma@gmail.com\" \/>\n<meta property=\"og:url\" content=\"https:\/\/capoeirabrasilma.com\/index.php\/nos-partenaires\/\" \/>\n<meta property=\"og:site_name\" content=\"Capoeira Maisons-Alfort\" \/>\n<meta property=\"article:publisher\" content=\"https:\/\/www.facebook.com\/capoeiramaisonsalfort\" \/>\n<meta property=\"article:modified_time\" content=\"2025-11-30T16:37:32+00:00\" \/>\n<meta property=\"og:image\" content=\"https:\/\/capoeirabrasilma.com\/wp-content\/uploads\/2024\/10\/cropped-logo-capoeira-brasil.jpeg\" \/>\n\t<meta property=\"og:image:width\" content=\"1010\" \/>\n\t<meta property=\"og:image:height\" content=\"1000\" \/>\n\t<meta property=\"og:image:type\" content=\"image\/jpeg\" \/>\n<meta name=\"twitter:card\" content=\"summary_large_image\" \/>\n<meta name=\"twitter:label1\" content=\"Dur\u00e9e de lecture estim\u00e9e\" \/>\n\t<meta name=\"twitter:data1\" content=\"1 minute\" \/>\n<script type=\"application\/ld+json\" class=\"yoast-schema-graph\">{\"@context\":\"https:\/\/schema.org\",\"@graph\":[{\"@type\":\"WebPage\",\"@id\":\"https:\/\/capoeirabrasilma.com\/index.php\/nos-partenaires\/\",\"url\":\"https:\/\/capoeirabrasilma.com\/index.php\/nos-partenaires\/\",\"name\":\"Nos partenaires - Capoeira Maisons-Alfort\",\"isPartOf\":{\"@id\":\"https:\/\/capoeirabrasilma.com\/#website\"},\"datePublished\":\"2025-11-30T16:34:10+00:00\",\"dateModified\":\"2025-11-30T16:37:32+00:00\",\"breadcrumb\":{\"@id\":\"https:\/\/capoeirabrasilma.com\/index.php\/nos-partenaires\/#breadcrumb\"},\"inLanguage\":\"fr-FR\",\"potentialAction\":[{\"@type\":\"ReadAction\",\"target\":[\"https:\/\/capoeirabrasilma.com\/index.php\/nos-partenaires\/\"]}]},{\"@type\":\"BreadcrumbList\",\"@id\":\"https:\/\/capoeirabrasilma.com\/index.php\/nos-partenaires\/#breadcrumb\",\"itemListElement\":[{\"@type\":\"ListItem\",\"position\":1,\"name\":\"Accueil\",\"item\":\"https:\/\/capoeirabrasilma.com\/\"},{\"@type\":\"ListItem\",\"position\":2,\"name\":\"Nos partenaires\"}]},{\"@type\":\"WebSite\",\"@id\":\"https:\/\/capoeirabrasilma.com\/#website\",\"url\":\"https:\/\/capoeirabrasilma.com\/\",\"name\":\"Capoeira Maisons-Alfort\",\"description\":\"Capoeira Maisons-Alfort\",\"publisher\":{\"@id\":\"https:\/\/capoeirabrasilma.com\/#organization\"},\"alternateName\":\"Capoeira Maisons-Alfort\",\"potentialAction\":[{\"@type\":\"SearchAction\",\"target\":{\"@type\":\"EntryPoint\",\"urlTemplate\":\"https:\/\/capoeirabrasilma.com\/?s={search_term_string}\"},\"query-input\":{\"@type\":\"PropertyValueSpecification\",\"valueRequired\":true,\"valueName\":\"search_term_string\"}}],\"inLanguage\":\"fr-FR\"},{\"@type\":\"Organization\",\"@id\":\"https:\/\/capoeirabrasilma.com\/#organization\",\"name\":\"Capoeira Maisons-Alfort\",\"alternateName\":\"Capoeira braise maisons alfort\",\"url\":\"https:\/\/capoeirabrasilma.com\/\",\"logo\":{\"@type\":\"ImageObject\",\"inLanguage\":\"fr-FR\",\"@id\":\"https:\/\/capoeirabrasilma.com\/#\/schema\/logo\/image\/\",\"url\":\"https:\/\/capoeirabrasilma.com\/wp-content\/uploads\/2024\/10\/cropped-logo-capoeira-brasil.jpeg\",\"contentUrl\":\"https:\/\/capoeirabrasilma.com\/wp-content\/uploads\/2024\/10\/cropped-logo-capoeira-brasil.jpeg\",\"width\":1010,\"height\":1000,\"caption\":\"Capoeira Maisons-Alfort\"},\"image\":{\"@id\":\"https:\/\/capoeirabrasilma.com\/#\/schema\/logo\/image\/\"},\"sameAs\":[\"https:\/\/www.facebook.com\/capoeiramaisonsalfort\",\"https:\/\/www.instagram.com\/capoeiramaisonsalfort\/?igsh=MTk4ZHA5bDV1NXNqbA\"]}]}<\/script>\n<!-- \/ Yoast SEO plugin. -->","yoast_head_json":{"title":"Nos partenaires - Capoeira Maisons-Alfort","robots":{"index":"index","follow":"follow","max-snippet":"max-snippet:-1","max-image-preview":"max-image-preview:large","max-video-preview":"max-video-preview:-1"},"canonical":"https:\/\/capoeirabrasilma.com\/index.php\/nos-partenaires\/","og_locale":"fr_FR","og_type":"article","og_title":"Nos partenaires - Capoeira Maisons-Alfort","og_description":"Nos partenaires Ils nous soutiennent et nous permettent d&rsquo;organiser des \u00e9v\u00e8nements tout au long de l&rsquo;ann\u00e9e !&nbsp; Si vous voulez nous rejoindre, n&rsquo;h\u00e9sitez pas \u00e0 nous contacter par mail : capoeirabrasilma@gmail.com","og_url":"https:\/\/capoeirabrasilma.com\/index.php\/nos-partenaires\/","og_site_name":"Capoeira Maisons-Alfort","article_publisher":"https:\/\/www.facebook.com\/capoeiramaisonsalfort","article_modified_time":"2025-11-30T16:37:32+00:00","og_image":[{"width":1010,"height":1000,"url":"https:\/\/capoeirabrasilma.com\/wp-content\/uploads\/2024\/10\/cropped-logo-capoeira-brasil.jpeg","type":"image\/jpeg"}],"twitter_card":"summary_large_image","twitter_misc":{"Dur\u00e9e de lecture estim\u00e9e":"1 minute"},"schema":{"@context":"https:\/\/schema.org","@graph":[{"@type":"WebPage","@id":"https:\/\/capoeirabrasilma.com\/index.php\/nos-partenaires\/","url":"https:\/\/capoeirabrasilma.com\/index.php\/nos-partenaires\/","name":"Nos partenaires - Capoeira Maisons-Alfort","isPartOf":{"@id":"https:\/\/capoeirabrasilma.com\/#website"},"datePublished":"2025-11-30T16:34:10+00:00","dateModified":"2025-11-30T16:37:32+00:00","breadcrumb":{"@id":"https:\/\/capoeirabrasilma.com\/index.php\/nos-partenaires\/#breadcrumb"},"inLanguage":"fr-FR","potentialAction":[{"@type":"ReadAction","target":["https:\/\/capoeirabrasilma.com\/index.php\/nos-partenaires\/"]}]},{"@type":"BreadcrumbList","@id":"https:\/\/capoeirabrasilma.com\/index.php\/nos-partenaires\/#breadcrumb","itemListElement":[{"@type":"ListItem","position":1,"name":"Accueil","item":"https:\/\/capoeirabrasilma.com\/"},{"@type":"ListItem","position":2,"name":"Nos partenaires"}]},{"@type":"WebSite","@id":"https:\/\/capoeirabrasilma.com\/#website","url":"https:\/\/capoeirabrasilma.com\/","name":"Capoeira Maisons-Alfort","description":"Capoeira Maisons-Alfort","publisher":{"@id":"https:\/\/capoeirabrasilma.com\/#organization"},"alternateName":"Capoeira Maisons-Alfort","potentialAction":[{"@type":"SearchAction","target":{"@type":"EntryPoint","urlTemplate":"https:\/\/capoeirabrasilma.com\/?s={search_term_string}"},"query-input":{"@type":"PropertyValueSpecification","valueRequired":true,"valueName":"search_term_string"}}],"inLanguage":"fr-FR"},{"@type":"Organization","@id":"https:\/\/capoeirabrasilma.com\/#organization","name":"Capoeira Maisons-Alfort","alternateName":"Capoeira braise maisons alfort","url":"https:\/\/capoeirabrasilma.com\/","logo":{"@type":"ImageObject","inLanguage":"fr-FR","@id":"https:\/\/capoeirabrasilma.com\/#\/schema\/logo\/image\/","url":"https:\/\/capoeirabrasilma.com\/wp-content\/uploads\/2024\/10\/cropped-logo-capoeira-brasil.jpeg","contentUrl":"https:\/\/capoeirabrasilma.com\/wp-content\/uploads\/2024\/10\/cropped-logo-capoeira-brasil.jpeg","width":1010,"height":1000,"caption":"Capoeira Maisons-Alfort"},"image":{"@id":"https:\/\/capoeirabrasilma.com\/#\/schema\/logo\/image\/"},"sameAs":["https:\/\/www.facebook.com\/capoeiramaisonsalfort","https:\/\/www.instagram.com\/capoeiramaisonsalfort\/?igsh=MTk4ZHA5bDV1NXNqbA"]}]}},"_links":{"self":[{"href":"https:\/\/capoeirabrasilma.com\/index.php\/wp-json\/wp\/v2\/pages\/1013","targetHints":{"allow":["GET"]}}],"collection":[{"href":"https:\/\/capoeirabrasilma.com\/index.php\/wp-json\/wp\/v2\/pages"}],"about":[{"href":"https:\/\/capoeirabrasilma.com\/index.php\/wp-json\/wp\/v2\/types\/page"}],"author":[{"embeddable":true,"href":"https:\/\/capoeirabrasilma.com\/index.php\/wp-json\/wp\/v2\/users\/1"}],"replies":[{"embeddable":true,"href":"https:\/\/capoeirabrasilma.com\/index.php\/wp-json\/wp\/v2\/comments?post=1013"}],"version-history":[{"count":4,"href":"https:\/\/capoeirabrasilma.com\/index.php\/wp-json\/wp\/v2\/pages\/1013\/revisions"}],"predecessor-version":[{"id":1017,"href":"https:\/\/capoeirabrasilma.com\/index.php\/wp-json\/wp\/v2\/pages\/1013\/revisions\/1017"}],"wp:attachment":[{"href":"https:\/\/capoeirabrasilma.com\/index.php\/wp-json\/wp\/v2\/media?parent=1013"}],"curies":[{"name":"wp","href":"https:\/\/api.w.org\/{rel}","templated":true}]}}