{"id":159,"date":"2024-10-09T18:58:59","date_gmt":"2024-10-09T16:58:59","guid":{"rendered":"https:\/\/capoeirabrasilma.com\/?page_id=159"},"modified":"2024-10-28T21:17:18","modified_gmt":"2024-10-28T20:17:18","slug":"les-instruments","status":"publish","type":"page","link":"https:\/\/capoeirabrasilma.com\/index.php\/les-instruments\/","title":{"rendered":"Les instruments"},"content":{"rendered":"\t\t<div data-elementor-type=\"wp-page\" data-elementor-id=\"159\" class=\"elementor elementor-159\">\n\t\t\t\t<div class=\"elementor-element elementor-element-6eeba92 e-flex e-con-boxed e-con e-parent\" data-id=\"6eeba92\" data-element_type=\"container\">\n\t\t\t\t\t<div class=\"e-con-inner\">\n\t\t\t\t<div class=\"elementor-element elementor-element-257fe4f elementor-widget elementor-widget-heading\" data-id=\"257fe4f\" data-element_type=\"widget\" data-widget_type=\"heading.default\">\n\t\t\t\t<div class=\"elementor-widget-container\">\n\t\t\t\t\t<h2 class=\"elementor-heading-title elementor-size-default\">Les Instruments<br><\/h2>\t\t\t\t<\/div>\n\t\t\t\t<\/div>\n\t\t\t\t\t<\/div>\n\t\t\t\t<\/div>\n\t\t<div class=\"elementor-element elementor-element-26ff066 e-flex e-con-boxed e-con e-parent\" data-id=\"26ff066\" data-element_type=\"container\">\n\t\t\t\t\t<div class=\"e-con-inner\">\n\t\t<div class=\"elementor-element elementor-element-cd1183b e-con-full e-flex e-con e-child\" data-id=\"cd1183b\" data-element_type=\"container\">\n\t\t\t\t<div class=\"elementor-element elementor-element-9d36489 elementor-widget__width-initial elementor-widget elementor-widget-heading\" data-id=\"9d36489\" data-element_type=\"widget\" data-widget_type=\"heading.default\">\n\t\t\t\t<div class=\"elementor-widget-container\">\n\t\t\t\t\t<h2 class=\"elementor-heading-title elementor-size-default\">Le berimbau<\/h2>\t\t\t\t<\/div>\n\t\t\t\t<\/div>\n\t\t\t\t<div class=\"elementor-element elementor-element-0138e3d elementor-widget elementor-widget-text-editor\" data-id=\"0138e3d\" data-element_type=\"widget\" data-widget_type=\"text-editor.default\">\n\t\t\t\t<div class=\"elementor-widget-container\">\n\t\t\t\t\t\t\t\t\t<ul>\n<div style=\"font-variant-ligatures: normal; font-variant-caps: normal; font-family: Roboto, sans-serif; font-size: 14px; font-style: normal;\">\n<p style=\"font-weight: 400;\"><span style=\"font-family:Roboto\">L&rsquo;instrument principal de la capoeira, le berimbau, est compos\u00e9 :&nbsp;<o:p><\/o:p><\/span><\/p>\n<ul style=\"font-weight: 400; margin-top: 0cm;\" type=\"disc\">\n<li><span style=\"font-family:Roboto\">d&rsquo;un caxixi,<o:p><\/o:p><\/span><\/li>\n<li><span style=\"font-family:Roboto\">d&rsquo;une bagueta,<o:p><\/o:p><\/span><\/li>\n<li><span style=\"font-family:Roboto\">d&rsquo;une arame,<o:p><\/o:p><\/span><\/li>\n<li><span style=\"font-family:Roboto\">d&rsquo;une verga de bois de beriba,<o:p><\/o:p><\/span><\/li>\n<li><span style=\"font-family:Roboto\">d&rsquo;une calebasse<o:p><\/o:p><\/span><\/li>\n<li><span style=\"font-family:Roboto\">d&rsquo;un dobrao.<o:p><\/o:p><\/span><\/li>\n<\/ul>\n<p style=\"font-weight: 400;\"><span style=\"font-family:Roboto\">Dans la Capoeira R\u00e9gionale<br>\non peut utiliser un, deux ou trois berimbau. On distingue trois types de<br>berimbau diff\u00e9rents class\u00e9s selon leur son et la taille de la calebasse.<o:p><\/o:p><\/span><\/p>\n<p style=\"\"><span style=\"font-family: Roboto;\">Le <b>berimbau Gunga <\/b>de son<br>\ngrave. Il est souvent utilis\u00e9 par le ma\u00eetre ou l&rsquo;\u00e9l\u00e8ve le plus grad\u00e9 de la<br>\nroda. Lorsqu&rsquo;il est utilis\u00e9 dans la roda, il maintient le rythme en effectuant<br>\ntoujours la base de celui-ci.<o:p><\/o:p><\/span><\/p>\n<p style=\"\"><span style=\"font-family: Roboto;\">Le <b>berimbau M\u00e9dio<\/b> de son<br>\nm\u00e9dium. Lorsqu&rsquo;il est utilis\u00e9 dans la roda, il joue un rythme en accord avec le<br>\nBerimbau Gunga. Cela peut \u00eatre un rythme diff\u00e9rent.<o:p><\/o:p><\/span><\/p>\n<p style=\"\"><span style=\"font-family: Roboto;\">Le <b>berimbau Viola<\/b> de son<br>\naigu. C&rsquo;est le soliste de l&rsquo;orchestre, il reste tr\u00e8s peu sur la base du rythme<br>\net effectue de nombreuses variations.<\/span><\/p>\n<\/div>\n<\/ul>\t\t\t\t\t\t\t\t<\/div>\n\t\t\t\t<\/div>\n\t\t\t\t<div class=\"elementor-element elementor-element-b893cb7 elementor-widget elementor-widget-spacer\" data-id=\"b893cb7\" data-element_type=\"widget\" data-widget_type=\"spacer.default\">\n\t\t\t\t<div class=\"elementor-widget-container\">\n\t\t\t\t\t\t\t<div class=\"elementor-spacer\">\n\t\t\t<div class=\"elementor-spacer-inner\"><\/div>\n\t\t<\/div>\n\t\t\t\t\t\t<\/div>\n\t\t\t\t<\/div>\n\t\t\t\t<\/div>\n\t\t<div class=\"elementor-element elementor-element-a00aeae e-con-full e-flex e-con e-child\" data-id=\"a00aeae\" data-element_type=\"container\">\n\t\t\t\t<div class=\"elementor-element elementor-element-10cdeac elementor-widget elementor-widget-image\" data-id=\"10cdeac\" data-element_type=\"widget\" data-widget_type=\"image.default\">\n\t\t\t\t<div class=\"elementor-widget-container\">\n\t\t\t\t\t\t\t\t\t\t\t\t\t\t\t<img fetchpriority=\"high\" decoding=\"async\" width=\"279\" height=\"181\" src=\"https:\/\/capoeirabrasilma.com\/wp-content\/uploads\/2024\/10\/berimbau.jpg\" class=\"attachment-full size-full wp-image-306\" alt=\"berimbau capoeira brasil maisons alfort\" \/>\t\t\t\t\t\t\t\t\t\t\t\t\t\t\t<\/div>\n\t\t\t\t<\/div>\n\t\t\t\t<\/div>\n\t\t\t\t\t<\/div>\n\t\t\t\t<\/div>\n\t\t<div class=\"elementor-element elementor-element-8e9b915 e-flex e-con-boxed e-con e-parent\" data-id=\"8e9b915\" data-element_type=\"container\">\n\t\t\t\t\t<div class=\"e-con-inner\">\n\t\t<div class=\"elementor-element elementor-element-1deaae8 e-con-full e-flex e-con e-child\" data-id=\"1deaae8\" data-element_type=\"container\">\n\t\t\t\t<div class=\"elementor-element elementor-element-6d87c91 elementor-widget elementor-widget-image\" data-id=\"6d87c91\" data-element_type=\"widget\" data-widget_type=\"image.default\">\n\t\t\t\t<div class=\"elementor-widget-container\">\n\t\t\t\t\t\t\t\t\t\t\t\t\t\t\t<img decoding=\"async\" width=\"214\" height=\"236\" src=\"https:\/\/capoeirabrasilma.com\/wp-content\/uploads\/2024\/10\/atabaque.jpg\" class=\"attachment-full size-full wp-image-307\" alt=\"atabaque capoeira brasil\" \/>\t\t\t\t\t\t\t\t\t\t\t\t\t\t\t<\/div>\n\t\t\t\t<\/div>\n\t\t\t\t<div class=\"elementor-element elementor-element-6a914e8 elementor-widget elementor-widget-spacer\" data-id=\"6a914e8\" data-element_type=\"widget\" data-widget_type=\"spacer.default\">\n\t\t\t\t<div class=\"elementor-widget-container\">\n\t\t\t\t\t\t\t<div class=\"elementor-spacer\">\n\t\t\t<div class=\"elementor-spacer-inner\"><\/div>\n\t\t<\/div>\n\t\t\t\t\t\t<\/div>\n\t\t\t\t<\/div>\n\t\t\t\t<\/div>\n\t\t<div class=\"elementor-element elementor-element-3c185e0 e-con-full e-flex e-con e-child\" data-id=\"3c185e0\" data-element_type=\"container\">\n\t\t\t\t<div class=\"elementor-element elementor-element-a040c02 elementor-widget__width-initial elementor-widget elementor-widget-heading\" data-id=\"a040c02\" data-element_type=\"widget\" data-widget_type=\"heading.default\">\n\t\t\t\t<div class=\"elementor-widget-container\">\n\t\t\t\t\t<h2 class=\"elementor-heading-title elementor-size-default\">L'atabaque<\/h2>\t\t\t\t<\/div>\n\t\t\t\t<\/div>\n\t\t\t\t<div class=\"elementor-element elementor-element-ff5494c elementor-widget elementor-widget-text-editor\" data-id=\"ff5494c\" data-element_type=\"widget\" data-widget_type=\"text-editor.default\">\n\t\t\t\t<div class=\"elementor-widget-container\">\n\t\t\t\t\t\t\t\t\t<div style=\"font-variant-ligatures: normal; font-variant-caps: normal; font-family: Roboto, sans-serif; font-size: 14px; font-style: normal; font-weight: 400;\"><p class=\"MsoNormal\"><span style=\"font-family: Roboto;\">L&rsquo; atabaque est un instrument de percussion qui n&rsquo;\u00e9tait pas utilis\u00e9 par Mestre Bimba afin d&rsquo;\u00e9viter toute confusion. En effet, les atabaques sont des instruments utilis\u00e9s lors de rituels au Br\u00e9sil (Candombl\u00e9).<\/span><\/p><\/div>\t\t\t\t\t\t\t\t<\/div>\n\t\t\t\t<\/div>\n\t\t\t\t<\/div>\n\t\t\t\t\t<\/div>\n\t\t\t\t<\/div>\n\t\t<div class=\"elementor-element elementor-element-984610a e-flex e-con-boxed e-con e-parent\" data-id=\"984610a\" data-element_type=\"container\">\n\t\t\t\t\t<div class=\"e-con-inner\">\n\t\t<div class=\"elementor-element elementor-element-873da09 e-con-full e-flex e-con e-child\" data-id=\"873da09\" data-element_type=\"container\">\n\t\t\t\t<div class=\"elementor-element elementor-element-14eb74e elementor-widget__width-initial elementor-widget elementor-widget-heading\" data-id=\"14eb74e\" data-element_type=\"widget\" data-widget_type=\"heading.default\">\n\t\t\t\t<div class=\"elementor-widget-container\">\n\t\t\t\t\t<h2 class=\"elementor-heading-title elementor-size-default\">Le pandeiro<\/h2>\t\t\t\t<\/div>\n\t\t\t\t<\/div>\n\t\t\t\t<div class=\"elementor-element elementor-element-72e8f9f elementor-widget elementor-widget-text-editor\" data-id=\"72e8f9f\" data-element_type=\"widget\" data-widget_type=\"text-editor.default\">\n\t\t\t\t<div class=\"elementor-widget-container\">\n\t\t\t\t\t\t\t\t\t<div style=\"font-variant-ligatures: normal; font-variant-caps: normal; font-family: Roboto, sans-serif; font-size: 14px; font-style: normal; font-weight: 400;\"><p><span style=\"font-family: Roboto;\">Le pandeiro est un instrument de percussion qui accompagne le Berimbau sur une base de trois temps.<\/span><\/p><\/div>\t\t\t\t\t\t\t\t<\/div>\n\t\t\t\t<\/div>\n\t\t\t\t<div class=\"elementor-element elementor-element-6b9b797 elementor-widget elementor-widget-spacer\" data-id=\"6b9b797\" data-element_type=\"widget\" data-widget_type=\"spacer.default\">\n\t\t\t\t<div class=\"elementor-widget-container\">\n\t\t\t\t\t\t\t<div class=\"elementor-spacer\">\n\t\t\t<div class=\"elementor-spacer-inner\"><\/div>\n\t\t<\/div>\n\t\t\t\t\t\t<\/div>\n\t\t\t\t<\/div>\n\t\t\t\t<\/div>\n\t\t<div class=\"elementor-element elementor-element-2ddd535 e-con-full e-flex e-con e-child\" data-id=\"2ddd535\" data-element_type=\"container\">\n\t\t\t\t<div class=\"elementor-element elementor-element-e6297aa elementor-widget elementor-widget-image\" data-id=\"e6297aa\" data-element_type=\"widget\" data-widget_type=\"image.default\">\n\t\t\t\t<div class=\"elementor-widget-container\">\n\t\t\t\t\t\t\t\t\t\t\t\t\t\t\t<img decoding=\"async\" width=\"432\" height=\"117\" src=\"https:\/\/capoeirabrasilma.com\/wp-content\/uploads\/2024\/10\/pandeiro.jpg\" class=\"attachment-full size-full wp-image-308\" alt=\"pandeiro capoeira brasil\" srcset=\"https:\/\/capoeirabrasilma.com\/wp-content\/uploads\/2024\/10\/pandeiro.jpg 432w, https:\/\/capoeirabrasilma.com\/wp-content\/uploads\/2024\/10\/pandeiro-300x81.jpg 300w\" sizes=\"(max-width: 432px) 100vw, 432px\" \/>\t\t\t\t\t\t\t\t\t\t\t\t\t\t\t<\/div>\n\t\t\t\t<\/div>\n\t\t\t\t<\/div>\n\t\t\t\t\t<\/div>\n\t\t\t\t<\/div>\n\t\t<div class=\"elementor-element elementor-element-44b8a32 e-flex e-con-boxed e-con e-parent\" data-id=\"44b8a32\" data-element_type=\"container\">\n\t\t\t\t\t<div class=\"e-con-inner\">\n\t\t<div class=\"elementor-element elementor-element-3530639 e-con-full e-flex e-con e-child\" data-id=\"3530639\" data-element_type=\"container\">\n\t\t\t\t<div class=\"elementor-element elementor-element-4e4e667 elementor-widget elementor-widget-image\" data-id=\"4e4e667\" data-element_type=\"widget\" data-widget_type=\"image.default\">\n\t\t\t\t<div class=\"elementor-widget-container\">\n\t\t\t\t\t\t\t\t\t\t\t\t\t\t\t<img loading=\"lazy\" decoding=\"async\" width=\"322\" height=\"156\" src=\"https:\/\/capoeirabrasilma.com\/wp-content\/uploads\/2024\/10\/agogo.jpg\" class=\"attachment-full size-full wp-image-309\" alt=\"agogo capoeira brasil\" srcset=\"https:\/\/capoeirabrasilma.com\/wp-content\/uploads\/2024\/10\/agogo.jpg 322w, https:\/\/capoeirabrasilma.com\/wp-content\/uploads\/2024\/10\/agogo-300x145.jpg 300w\" sizes=\"(max-width: 322px) 100vw, 322px\" \/>\t\t\t\t\t\t\t\t\t\t\t\t\t\t\t<\/div>\n\t\t\t\t<\/div>\n\t\t\t\t<\/div>\n\t\t<div class=\"elementor-element elementor-element-7e4c980 e-con-full e-flex e-con e-child\" data-id=\"7e4c980\" data-element_type=\"container\">\n\t\t\t\t<div class=\"elementor-element elementor-element-c5f111e elementor-widget__width-initial elementor-widget elementor-widget-heading\" data-id=\"c5f111e\" data-element_type=\"widget\" data-widget_type=\"heading.default\">\n\t\t\t\t<div class=\"elementor-widget-container\">\n\t\t\t\t\t<h2 class=\"elementor-heading-title elementor-size-default\">L'agogo<\/h2>\t\t\t\t<\/div>\n\t\t\t\t<\/div>\n\t\t\t\t<div class=\"elementor-element elementor-element-84c7627 elementor-widget elementor-widget-text-editor\" data-id=\"84c7627\" data-element_type=\"widget\" data-widget_type=\"text-editor.default\">\n\t\t\t\t<div class=\"elementor-widget-container\">\n\t\t\t\t\t\t\t\t\t<div style=\"font-variant-ligatures: normal; font-variant-caps: normal; font-family: Roboto, sans-serif; font-size: 14px; font-style: normal; font-weight: 400;\"><p class=\"MsoNormal\"><span style=\"font-family: Roboto;\">L&rsquo;Agogo est un instrument qui peut \u00eatre en bois ou en m\u00e9tal. Il accompagne les trois autres instruments.<\/span><\/p><\/div>\t\t\t\t\t\t\t\t<\/div>\n\t\t\t\t<\/div>\n\t\t\t\t<\/div>\n\t\t\t\t\t<\/div>\n\t\t\t\t<\/div>\n\t\t\t\t<\/div>\n\t\t","protected":false},"excerpt":{"rendered":"<p>Les Instruments Le berimbau L&rsquo;instrument principal de la capoeira, le berimbau, est compos\u00e9 :&nbsp; d&rsquo;un caxixi, d&rsquo;une bagueta, d&rsquo;une arame, d&rsquo;une verga de bois de beriba, d&rsquo;une calebasse d&rsquo;un dobrao. Dans la Capoeira R\u00e9gionale on peut utiliser un, deux ou trois berimbau. On distingue trois types deberimbau diff\u00e9rents class\u00e9s selon leur son et la taille [&hellip;]<\/p>\n","protected":false},"author":1,"featured_media":0,"parent":0,"menu_order":0,"comment_status":"closed","ping_status":"closed","template":"","meta":{"_eb_attr":"","footnotes":""},"class_list":["post-159","page","type-page","status-publish","hentry","entry"],"yoast_head":"<!-- This site is optimized with the Yoast SEO plugin v23.7 - https:\/\/yoast.com\/wordpress\/plugins\/seo\/ -->\n<title>Les instruments - Capoeira Maisons-Alfort<\/title>\n<meta name=\"robots\" content=\"index, follow, max-snippet:-1, max-image-preview:large, max-video-preview:-1\" \/>\n<link rel=\"canonical\" href=\"https:\/\/capoeirabrasilma.com\/index.php\/les-instruments\/\" \/>\n<meta property=\"og:locale\" content=\"fr_FR\" \/>\n<meta property=\"og:type\" content=\"article\" \/>\n<meta property=\"og:title\" content=\"Les instruments - Capoeira Maisons-Alfort\" \/>\n<meta property=\"og:description\" content=\"Les Instruments Le berimbau L&rsquo;instrument principal de la capoeira, le berimbau, est compos\u00e9 :&nbsp; d&rsquo;un caxixi, d&rsquo;une bagueta, d&rsquo;une arame, d&rsquo;une verga de bois de beriba, d&rsquo;une calebasse d&rsquo;un dobrao. Dans la Capoeira R\u00e9gionale on peut utiliser un, deux ou trois berimbau. On distingue trois types deberimbau diff\u00e9rents class\u00e9s selon leur son et la taille [&hellip;]\" \/>\n<meta property=\"og:url\" content=\"https:\/\/capoeirabrasilma.com\/index.php\/les-instruments\/\" \/>\n<meta property=\"og:site_name\" content=\"Capoeira Maisons-Alfort\" \/>\n<meta property=\"article:publisher\" content=\"https:\/\/www.facebook.com\/capoeiramaisonsalfort\" \/>\n<meta property=\"article:modified_time\" content=\"2024-10-28T20:17:18+00:00\" \/>\n<meta property=\"og:image\" content=\"http:\/\/capoeirabrasilma.com\/wp-content\/uploads\/2024\/10\/berimbau.jpg\" \/>\n<meta name=\"twitter:card\" content=\"summary_large_image\" \/>\n<meta name=\"twitter:label1\" content=\"Dur\u00e9e de lecture estim\u00e9e\" \/>\n\t<meta name=\"twitter:data1\" content=\"1 minute\" \/>\n<script type=\"application\/ld+json\" class=\"yoast-schema-graph\">{\"@context\":\"https:\/\/schema.org\",\"@graph\":[{\"@type\":\"WebPage\",\"@id\":\"https:\/\/capoeirabrasilma.com\/index.php\/les-instruments\/\",\"url\":\"https:\/\/capoeirabrasilma.com\/index.php\/les-instruments\/\",\"name\":\"Les instruments - Capoeira Maisons-Alfort\",\"isPartOf\":{\"@id\":\"https:\/\/capoeirabrasilma.com\/#website\"},\"primaryImageOfPage\":{\"@id\":\"https:\/\/capoeirabrasilma.com\/index.php\/les-instruments\/#primaryimage\"},\"image\":{\"@id\":\"https:\/\/capoeirabrasilma.com\/index.php\/les-instruments\/#primaryimage\"},\"thumbnailUrl\":\"http:\/\/capoeirabrasilma.com\/wp-content\/uploads\/2024\/10\/berimbau.jpg\",\"datePublished\":\"2024-10-09T16:58:59+00:00\",\"dateModified\":\"2024-10-28T20:17:18+00:00\",\"breadcrumb\":{\"@id\":\"https:\/\/capoeirabrasilma.com\/index.php\/les-instruments\/#breadcrumb\"},\"inLanguage\":\"fr-FR\",\"potentialAction\":[{\"@type\":\"ReadAction\",\"target\":[\"https:\/\/capoeirabrasilma.com\/index.php\/les-instruments\/\"]}]},{\"@type\":\"ImageObject\",\"inLanguage\":\"fr-FR\",\"@id\":\"https:\/\/capoeirabrasilma.com\/index.php\/les-instruments\/#primaryimage\",\"url\":\"http:\/\/capoeirabrasilma.com\/wp-content\/uploads\/2024\/10\/berimbau.jpg\",\"contentUrl\":\"http:\/\/capoeirabrasilma.com\/wp-content\/uploads\/2024\/10\/berimbau.jpg\"},{\"@type\":\"BreadcrumbList\",\"@id\":\"https:\/\/capoeirabrasilma.com\/index.php\/les-instruments\/#breadcrumb\",\"itemListElement\":[{\"@type\":\"ListItem\",\"position\":1,\"name\":\"Accueil\",\"item\":\"https:\/\/capoeirabrasilma.com\/\"},{\"@type\":\"ListItem\",\"position\":2,\"name\":\"Les instruments\"}]},{\"@type\":\"WebSite\",\"@id\":\"https:\/\/capoeirabrasilma.com\/#website\",\"url\":\"https:\/\/capoeirabrasilma.com\/\",\"name\":\"Capoeira Maisons-Alfort\",\"description\":\"Capoeira Maisons-Alfort\",\"publisher\":{\"@id\":\"https:\/\/capoeirabrasilma.com\/#organization\"},\"alternateName\":\"Capoeira Maisons-Alfort\",\"potentialAction\":[{\"@type\":\"SearchAction\",\"target\":{\"@type\":\"EntryPoint\",\"urlTemplate\":\"https:\/\/capoeirabrasilma.com\/?s={search_term_string}\"},\"query-input\":{\"@type\":\"PropertyValueSpecification\",\"valueRequired\":true,\"valueName\":\"search_term_string\"}}],\"inLanguage\":\"fr-FR\"},{\"@type\":\"Organization\",\"@id\":\"https:\/\/capoeirabrasilma.com\/#organization\",\"name\":\"Capoeira Maisons-Alfort\",\"alternateName\":\"Capoeira braise maisons alfort\",\"url\":\"https:\/\/capoeirabrasilma.com\/\",\"logo\":{\"@type\":\"ImageObject\",\"inLanguage\":\"fr-FR\",\"@id\":\"https:\/\/capoeirabrasilma.com\/#\/schema\/logo\/image\/\",\"url\":\"https:\/\/capoeirabrasilma.com\/wp-content\/uploads\/2024\/10\/cropped-logo-capoeira-brasil.jpeg\",\"contentUrl\":\"https:\/\/capoeirabrasilma.com\/wp-content\/uploads\/2024\/10\/cropped-logo-capoeira-brasil.jpeg\",\"width\":1010,\"height\":1000,\"caption\":\"Capoeira Maisons-Alfort\"},\"image\":{\"@id\":\"https:\/\/capoeirabrasilma.com\/#\/schema\/logo\/image\/\"},\"sameAs\":[\"https:\/\/www.facebook.com\/capoeiramaisonsalfort\",\"https:\/\/www.instagram.com\/capoeiramaisonsalfort\/?igsh=MTk4ZHA5bDV1NXNqbA\"]}]}<\/script>\n<!-- \/ Yoast SEO plugin. -->","yoast_head_json":{"title":"Les instruments - Capoeira Maisons-Alfort","robots":{"index":"index","follow":"follow","max-snippet":"max-snippet:-1","max-image-preview":"max-image-preview:large","max-video-preview":"max-video-preview:-1"},"canonical":"https:\/\/capoeirabrasilma.com\/index.php\/les-instruments\/","og_locale":"fr_FR","og_type":"article","og_title":"Les instruments - Capoeira Maisons-Alfort","og_description":"Les Instruments Le berimbau L&rsquo;instrument principal de la capoeira, le berimbau, est compos\u00e9 :&nbsp; d&rsquo;un caxixi, d&rsquo;une bagueta, d&rsquo;une arame, d&rsquo;une verga de bois de beriba, d&rsquo;une calebasse d&rsquo;un dobrao. Dans la Capoeira R\u00e9gionale on peut utiliser un, deux ou trois berimbau. On distingue trois types deberimbau diff\u00e9rents class\u00e9s selon leur son et la taille [&hellip;]","og_url":"https:\/\/capoeirabrasilma.com\/index.php\/les-instruments\/","og_site_name":"Capoeira Maisons-Alfort","article_publisher":"https:\/\/www.facebook.com\/capoeiramaisonsalfort","article_modified_time":"2024-10-28T20:17:18+00:00","og_image":[{"url":"http:\/\/capoeirabrasilma.com\/wp-content\/uploads\/2024\/10\/berimbau.jpg"}],"twitter_card":"summary_large_image","twitter_misc":{"Dur\u00e9e de lecture estim\u00e9e":"1 minute"},"schema":{"@context":"https:\/\/schema.org","@graph":[{"@type":"WebPage","@id":"https:\/\/capoeirabrasilma.com\/index.php\/les-instruments\/","url":"https:\/\/capoeirabrasilma.com\/index.php\/les-instruments\/","name":"Les instruments - Capoeira Maisons-Alfort","isPartOf":{"@id":"https:\/\/capoeirabrasilma.com\/#website"},"primaryImageOfPage":{"@id":"https:\/\/capoeirabrasilma.com\/index.php\/les-instruments\/#primaryimage"},"image":{"@id":"https:\/\/capoeirabrasilma.com\/index.php\/les-instruments\/#primaryimage"},"thumbnailUrl":"http:\/\/capoeirabrasilma.com\/wp-content\/uploads\/2024\/10\/berimbau.jpg","datePublished":"2024-10-09T16:58:59+00:00","dateModified":"2024-10-28T20:17:18+00:00","breadcrumb":{"@id":"https:\/\/capoeirabrasilma.com\/index.php\/les-instruments\/#breadcrumb"},"inLanguage":"fr-FR","potentialAction":[{"@type":"ReadAction","target":["https:\/\/capoeirabrasilma.com\/index.php\/les-instruments\/"]}]},{"@type":"ImageObject","inLanguage":"fr-FR","@id":"https:\/\/capoeirabrasilma.com\/index.php\/les-instruments\/#primaryimage","url":"http:\/\/capoeirabrasilma.com\/wp-content\/uploads\/2024\/10\/berimbau.jpg","contentUrl":"http:\/\/capoeirabrasilma.com\/wp-content\/uploads\/2024\/10\/berimbau.jpg"},{"@type":"BreadcrumbList","@id":"https:\/\/capoeirabrasilma.com\/index.php\/les-instruments\/#breadcrumb","itemListElement":[{"@type":"ListItem","position":1,"name":"Accueil","item":"https:\/\/capoeirabrasilma.com\/"},{"@type":"ListItem","position":2,"name":"Les instruments"}]},{"@type":"WebSite","@id":"https:\/\/capoeirabrasilma.com\/#website","url":"https:\/\/capoeirabrasilma.com\/","name":"Capoeira Maisons-Alfort","description":"Capoeira Maisons-Alfort","publisher":{"@id":"https:\/\/capoeirabrasilma.com\/#organization"},"alternateName":"Capoeira Maisons-Alfort","potentialAction":[{"@type":"SearchAction","target":{"@type":"EntryPoint","urlTemplate":"https:\/\/capoeirabrasilma.com\/?s={search_term_string}"},"query-input":{"@type":"PropertyValueSpecification","valueRequired":true,"valueName":"search_term_string"}}],"inLanguage":"fr-FR"},{"@type":"Organization","@id":"https:\/\/capoeirabrasilma.com\/#organization","name":"Capoeira Maisons-Alfort","alternateName":"Capoeira braise maisons alfort","url":"https:\/\/capoeirabrasilma.com\/","logo":{"@type":"ImageObject","inLanguage":"fr-FR","@id":"https:\/\/capoeirabrasilma.com\/#\/schema\/logo\/image\/","url":"https:\/\/capoeirabrasilma.com\/wp-content\/uploads\/2024\/10\/cropped-logo-capoeira-brasil.jpeg","contentUrl":"https:\/\/capoeirabrasilma.com\/wp-content\/uploads\/2024\/10\/cropped-logo-capoeira-brasil.jpeg","width":1010,"height":1000,"caption":"Capoeira Maisons-Alfort"},"image":{"@id":"https:\/\/capoeirabrasilma.com\/#\/schema\/logo\/image\/"},"sameAs":["https:\/\/www.facebook.com\/capoeiramaisonsalfort","https:\/\/www.instagram.com\/capoeiramaisonsalfort\/?igsh=MTk4ZHA5bDV1NXNqbA"]}]}},"_links":{"self":[{"href":"https:\/\/capoeirabrasilma.com\/index.php\/wp-json\/wp\/v2\/pages\/159","targetHints":{"allow":["GET"]}}],"collection":[{"href":"https:\/\/capoeirabrasilma.com\/index.php\/wp-json\/wp\/v2\/pages"}],"about":[{"href":"https:\/\/capoeirabrasilma.com\/index.php\/wp-json\/wp\/v2\/types\/page"}],"author":[{"embeddable":true,"href":"https:\/\/capoeirabrasilma.com\/index.php\/wp-json\/wp\/v2\/users\/1"}],"replies":[{"embeddable":true,"href":"https:\/\/capoeirabrasilma.com\/index.php\/wp-json\/wp\/v2\/comments?post=159"}],"version-history":[{"count":8,"href":"https:\/\/capoeirabrasilma.com\/index.php\/wp-json\/wp\/v2\/pages\/159\/revisions"}],"predecessor-version":[{"id":462,"href":"https:\/\/capoeirabrasilma.com\/index.php\/wp-json\/wp\/v2\/pages\/159\/revisions\/462"}],"wp:attachment":[{"href":"https:\/\/capoeirabrasilma.com\/index.php\/wp-json\/wp\/v2\/media?parent=159"}],"curies":[{"name":"wp","href":"https:\/\/api.w.org\/{rel}","templated":true}]}}