{"id":637,"date":"2025-01-30T19:14:38","date_gmt":"2025-01-30T18:14:38","guid":{"rendered":"https:\/\/capoeirabrasilma.com\/?page_id=637"},"modified":"2025-04-01T14:49:59","modified_gmt":"2025-04-01T12:49:59","slug":"les-evenements","status":"publish","type":"page","link":"https:\/\/capoeirabrasilma.com\/index.php\/les-evenements\/","title":{"rendered":"Nos \u00e9v\u00e8nements"},"content":{"rendered":"\t\t<div data-elementor-type=\"wp-page\" data-elementor-id=\"637\" class=\"elementor elementor-637\">\n\t\t\t\t<div class=\"elementor-element elementor-element-a1131c9 e-flex e-con-boxed e-con e-parent\" data-id=\"a1131c9\" data-element_type=\"container\">\n\t\t\t\t\t<div class=\"e-con-inner\">\n\t\t\t\t<div class=\"elementor-element elementor-element-e29c2bd elementor-widget elementor-widget-heading\" data-id=\"e29c2bd\" data-element_type=\"widget\" data-widget_type=\"heading.default\">\n\t\t\t\t<div class=\"elementor-widget-container\">\n\t\t\t\t\t<h2 class=\"elementor-heading-title elementor-size-default\">Nos \u00e9v\u00e8nements <br><\/h2>\t\t\t\t<\/div>\n\t\t\t\t<\/div>\n\t\t\t\t\t<\/div>\n\t\t\t\t<\/div>\n\t\t<div class=\"elementor-element elementor-element-5b7c86d e-flex e-con-boxed e-con e-parent\" data-id=\"5b7c86d\" data-element_type=\"container\">\n\t\t\t\t\t<div class=\"e-con-inner\">\n\t\t\t\t<div class=\"elementor-element elementor-element-e40e92c elementor-widget elementor-widget-text-editor\" data-id=\"e40e92c\" data-element_type=\"widget\" data-widget_type=\"text-editor.default\">\n\t\t\t\t<div class=\"elementor-widget-container\">\n\t\t\t\t\t\t\t\t\t<p>Tout au long de l&rsquo;ann\u00e9e nous organisons diff\u00e9rents \u00e9v\u00e8nements : des championnats, des festivals ou encore des rodas ouvertes. <span style=\"font-size: 14px; text-align: var(--text-align);\">Retour sur les derniers \u00e9v\u00e8nements organis\u00e9s\u00a0 !<\/span><\/p>\t\t\t\t\t\t\t\t<\/div>\n\t\t\t\t<\/div>\n\t\t\t\t<div class=\"elementor-element elementor-element-8e7e70d elementor-widget-divider--view-line elementor-widget elementor-widget-divider\" data-id=\"8e7e70d\" data-element_type=\"widget\" data-widget_type=\"divider.default\">\n\t\t\t\t<div class=\"elementor-widget-container\">\n\t\t\t\t\t\t\t<div class=\"elementor-divider\">\n\t\t\t<span class=\"elementor-divider-separator\">\n\t\t\t\t\t\t<\/span>\n\t\t<\/div>\n\t\t\t\t\t\t<\/div>\n\t\t\t\t<\/div>\n\t\t\t\t<div class=\"elementor-element elementor-element-6150b0d elementor-widget elementor-widget-heading\" data-id=\"6150b0d\" data-element_type=\"widget\" data-widget_type=\"heading.default\">\n\t\t\t\t<div class=\"elementor-widget-container\">\n\t\t\t\t\t<h2 class=\"elementor-heading-title elementor-size-default\">Roda ouverte f\u00e9vrier 2025<\/h2>\t\t\t\t<\/div>\n\t\t\t\t<\/div>\n\t\t\t\t\t<\/div>\n\t\t\t\t<\/div>\n\t\t<div class=\"elementor-element elementor-element-1912b11 e-flex e-con-boxed e-con e-parent\" data-id=\"1912b11\" data-element_type=\"container\">\n\t\t\t\t\t<div class=\"e-con-inner\">\n\t\t<div class=\"elementor-element elementor-element-af2aa0a e-con-full e-flex e-con e-child\" data-id=\"af2aa0a\" data-element_type=\"container\">\n\t\t\t\t<div class=\"elementor-element elementor-element-75e0e26 elementor-widget elementor-widget-image\" data-id=\"75e0e26\" data-element_type=\"widget\" data-widget_type=\"image.default\">\n\t\t\t\t<div class=\"elementor-widget-container\">\n\t\t\t\t\t\t\t\t\t\t\t\t\t\t\t<img fetchpriority=\"high\" decoding=\"async\" width=\"1024\" height=\"768\" src=\"https:\/\/capoeirabrasilma.com\/wp-content\/uploads\/2025\/03\/d4260f9b-df12-42db-9d9b-003fcd21268b-1024x768.jpg\" class=\"attachment-large size-large wp-image-709\" alt=\"\" srcset=\"https:\/\/capoeirabrasilma.com\/wp-content\/uploads\/2025\/03\/d4260f9b-df12-42db-9d9b-003fcd21268b-1024x768.jpg 1024w, https:\/\/capoeirabrasilma.com\/wp-content\/uploads\/2025\/03\/d4260f9b-df12-42db-9d9b-003fcd21268b-300x225.jpg 300w, https:\/\/capoeirabrasilma.com\/wp-content\/uploads\/2025\/03\/d4260f9b-df12-42db-9d9b-003fcd21268b-768x576.jpg 768w, https:\/\/capoeirabrasilma.com\/wp-content\/uploads\/2025\/03\/d4260f9b-df12-42db-9d9b-003fcd21268b-1536x1152.jpg 1536w, https:\/\/capoeirabrasilma.com\/wp-content\/uploads\/2025\/03\/d4260f9b-df12-42db-9d9b-003fcd21268b.jpg 2048w\" sizes=\"(max-width: 1024px) 100vw, 1024px\" \/>\t\t\t\t\t\t\t\t\t\t\t\t\t\t\t<\/div>\n\t\t\t\t<\/div>\n\t\t\t\t<\/div>\n\t\t<div class=\"elementor-element elementor-element-97cb504 e-con-full e-flex e-con e-child\" data-id=\"97cb504\" data-element_type=\"container\">\n\t\t\t\t<div class=\"elementor-element elementor-element-53bbc16 elementor-widget elementor-widget-text-editor\" data-id=\"53bbc16\" data-element_type=\"widget\" data-widget_type=\"text-editor.default\">\n\t\t\t\t<div class=\"elementor-widget-container\">\n\t\t\t\t\t\t\t\t\t<p>\u00a0<\/p><p><span style=\"font-size: 17px;\">\u00a0<\/span><\/p><p><span style=\"font-size: 17px;\">Roda ouverte du mercredi 26 f\u00e9vrier 2025. Merci \u00e0 tous pour votre venue et votre \u00e9nergie !<\/span><\/p>\t\t\t\t\t\t\t\t<\/div>\n\t\t\t\t<\/div>\n\t\t\t\t<\/div>\n\t\t\t\t\t<\/div>\n\t\t\t\t<\/div>\n\t\t<div class=\"elementor-element elementor-element-0986818 e-flex e-con-boxed e-con e-parent\" data-id=\"0986818\" data-element_type=\"container\">\n\t\t\t\t\t<div class=\"e-con-inner\">\n\t\t\t\t<div class=\"elementor-element elementor-element-fed2bea elementor-widget-divider--view-line elementor-widget elementor-widget-divider\" data-id=\"fed2bea\" data-element_type=\"widget\" data-widget_type=\"divider.default\">\n\t\t\t\t<div class=\"elementor-widget-container\">\n\t\t\t\t\t\t\t<div class=\"elementor-divider\">\n\t\t\t<span class=\"elementor-divider-separator\">\n\t\t\t\t\t\t<\/span>\n\t\t<\/div>\n\t\t\t\t\t\t<\/div>\n\t\t\t\t<\/div>\n\t\t\t\t<div class=\"elementor-element elementor-element-65c9a6f elementor-widget elementor-widget-heading\" data-id=\"65c9a6f\" data-element_type=\"widget\" data-widget_type=\"heading.default\">\n\t\t\t\t<div class=\"elementor-widget-container\">\n\t\t\t\t\t<h2 class=\"elementor-heading-title elementor-size-default\">Roda ouverte octobre 2024<\/h2>\t\t\t\t<\/div>\n\t\t\t\t<\/div>\n\t\t\t\t\t<\/div>\n\t\t\t\t<\/div>\n\t\t<div class=\"elementor-element elementor-element-9627dba e-flex e-con-boxed e-con e-parent\" data-id=\"9627dba\" data-element_type=\"container\">\n\t\t\t\t\t<div class=\"e-con-inner\">\n\t\t<div class=\"elementor-element elementor-element-e436cb3 e-con-full e-flex e-con e-child\" data-id=\"e436cb3\" data-element_type=\"container\">\n\t\t\t\t<div class=\"elementor-element elementor-element-3a3adc9 elementor-widget elementor-widget-image\" data-id=\"3a3adc9\" data-element_type=\"widget\" data-widget_type=\"image.default\">\n\t\t\t\t<div class=\"elementor-widget-container\">\n\t\t\t\t\t\t\t\t\t\t\t\t\t\t\t<img decoding=\"async\" width=\"1024\" height=\"768\" src=\"https:\/\/capoeirabrasilma.com\/wp-content\/uploads\/2025\/01\/IMG-20241030-WA0018-1024x768.jpg\" class=\"attachment-large size-large wp-image-645\" alt=\"\" srcset=\"https:\/\/capoeirabrasilma.com\/wp-content\/uploads\/2025\/01\/IMG-20241030-WA0018-1024x768.jpg 1024w, https:\/\/capoeirabrasilma.com\/wp-content\/uploads\/2025\/01\/IMG-20241030-WA0018-300x225.jpg 300w, https:\/\/capoeirabrasilma.com\/wp-content\/uploads\/2025\/01\/IMG-20241030-WA0018-768x576.jpg 768w, https:\/\/capoeirabrasilma.com\/wp-content\/uploads\/2025\/01\/IMG-20241030-WA0018-1536x1152.jpg 1536w, https:\/\/capoeirabrasilma.com\/wp-content\/uploads\/2025\/01\/IMG-20241030-WA0018.jpg 1600w\" sizes=\"(max-width: 1024px) 100vw, 1024px\" \/>\t\t\t\t\t\t\t\t\t\t\t\t\t\t\t<\/div>\n\t\t\t\t<\/div>\n\t\t\t\t<\/div>\n\t\t<div class=\"elementor-element elementor-element-e72af67 e-con-full e-flex e-con e-child\" data-id=\"e72af67\" data-element_type=\"container\">\n\t\t\t\t<div class=\"elementor-element elementor-element-1a89758 elementor-widget elementor-widget-image\" data-id=\"1a89758\" data-element_type=\"widget\" data-widget_type=\"image.default\">\n\t\t\t\t<div class=\"elementor-widget-container\">\n\t\t\t\t\t\t\t\t\t\t\t\t\t\t\t<img decoding=\"async\" width=\"1024\" height=\"768\" src=\"https:\/\/capoeirabrasilma.com\/wp-content\/uploads\/2025\/01\/IMG-20241030-WA0000-1024x768.jpg\" class=\"attachment-large size-large wp-image-650\" alt=\"\" srcset=\"https:\/\/capoeirabrasilma.com\/wp-content\/uploads\/2025\/01\/IMG-20241030-WA0000-1024x768.jpg 1024w, https:\/\/capoeirabrasilma.com\/wp-content\/uploads\/2025\/01\/IMG-20241030-WA0000-300x225.jpg 300w, https:\/\/capoeirabrasilma.com\/wp-content\/uploads\/2025\/01\/IMG-20241030-WA0000-768x576.jpg 768w, https:\/\/capoeirabrasilma.com\/wp-content\/uploads\/2025\/01\/IMG-20241030-WA0000-1536x1152.jpg 1536w, https:\/\/capoeirabrasilma.com\/wp-content\/uploads\/2025\/01\/IMG-20241030-WA0000.jpg 1600w\" sizes=\"(max-width: 1024px) 100vw, 1024px\" \/>\t\t\t\t\t\t\t\t\t\t\t\t\t\t\t<\/div>\n\t\t\t\t<\/div>\n\t\t\t\t<\/div>\n\t\t<div class=\"elementor-element elementor-element-157b12d e-con-full e-flex e-con e-child\" data-id=\"157b12d\" data-element_type=\"container\">\n\t\t\t\t<div class=\"elementor-element elementor-element-c1dd40b elementor-widget elementor-widget-text-editor\" data-id=\"c1dd40b\" data-element_type=\"widget\" data-widget_type=\"text-editor.default\">\n\t\t\t\t<div class=\"elementor-widget-container\">\n\t\t\t\t\t\t\t\t\t<p>Chaque ann\u00e9e, le 2e mercredi des vacances scolaires, l&rsquo;\u00e9cole de capoeira de Maisons Alfort organise une grande roda ouverte au Temple du Ninja. Les capoeiristes de tous \u00e2ges, tous niveaux, de toutes \u00e9coles et de tous les groupes sont les bienvenus. Ce mercredi 30 octobre, ce ne sont pas loin de 80 capoeiristes qui se sont r\u00e9unis pour jouer ensemble\u00a0<\/p>\t\t\t\t\t\t\t\t<\/div>\n\t\t\t\t<\/div>\n\t\t\t\t<\/div>\n\t\t\t\t\t<\/div>\n\t\t\t\t<\/div>\n\t\t<div class=\"elementor-element elementor-element-88800c0 e-flex e-con-boxed e-con e-parent\" data-id=\"88800c0\" data-element_type=\"container\">\n\t\t\t\t\t<div class=\"e-con-inner\">\n\t\t\t\t<div class=\"elementor-element elementor-element-0ed2925 elementor-widget-divider--view-line elementor-widget elementor-widget-divider\" data-id=\"0ed2925\" data-element_type=\"widget\" data-widget_type=\"divider.default\">\n\t\t\t\t<div class=\"elementor-widget-container\">\n\t\t\t\t\t\t\t<div class=\"elementor-divider\">\n\t\t\t<span class=\"elementor-divider-separator\">\n\t\t\t\t\t\t<\/span>\n\t\t<\/div>\n\t\t\t\t\t\t<\/div>\n\t\t\t\t<\/div>\n\t\t\t\t<div class=\"elementor-element elementor-element-5ae716a elementor-widget elementor-widget-heading\" data-id=\"5ae716a\" data-element_type=\"widget\" data-widget_type=\"heading.default\">\n\t\t\t\t<div class=\"elementor-widget-container\">\n\t\t\t\t\t<h2 class=\"elementor-heading-title elementor-size-default\">Festival 2024<\/h2>\t\t\t\t<\/div>\n\t\t\t\t<\/div>\n\t\t\t\t\t<\/div>\n\t\t\t\t<\/div>\n\t\t<div class=\"elementor-element elementor-element-9a06de3 e-flex e-con-boxed e-con e-parent\" data-id=\"9a06de3\" data-element_type=\"container\">\n\t\t\t\t\t<div class=\"e-con-inner\">\n\t\t<div class=\"elementor-element elementor-element-1377e70 e-con-full e-flex e-con e-child\" data-id=\"1377e70\" data-element_type=\"container\">\n\t\t\t\t<div class=\"elementor-element elementor-element-cd4706d elementor-widget__width-initial elementor-widget elementor-widget-image\" data-id=\"cd4706d\" data-element_type=\"widget\" data-widget_type=\"image.default\">\n\t\t\t\t<div class=\"elementor-widget-container\">\n\t\t\t\t\t\t\t\t\t\t\t\t\t\t\t<img decoding=\"async\" src=\"https:\/\/capoeirabrasilma.com\/wp-content\/uploads\/elementor\/thumbs\/IMG-20240506-WA0006-e1738269733542-r0sa5ergk28bvnfd37luvvc5uwz57bc3iwrlyvgehk.jpg\" title=\"IMG-20240506-WA0006\" alt=\"IMG-20240506-WA0006\" loading=\"lazy\" \/>\t\t\t\t\t\t\t\t\t\t\t\t\t\t\t<\/div>\n\t\t\t\t<\/div>\n\t\t\t\t<\/div>\n\t\t<div class=\"elementor-element elementor-element-7a2241e e-con-full e-flex e-con e-child\" data-id=\"7a2241e\" data-element_type=\"container\">\n\t\t\t\t<div class=\"elementor-element elementor-element-f8b64fa elementor-widget elementor-widget-image\" data-id=\"f8b64fa\" data-element_type=\"widget\" data-widget_type=\"image.default\">\n\t\t\t\t<div class=\"elementor-widget-container\">\n\t\t\t\t\t\t\t\t\t\t\t\t\t\t\t<img decoding=\"async\" src=\"https:\/\/capoeirabrasilma.com\/wp-content\/uploads\/elementor\/thumbs\/20240505_175100-scaled-r0sa1ipi9qwltr2st12g2cohci5gcew3bnk9gn828o.jpg\" title=\"20240505_175100\" alt=\"20240505_175100\" loading=\"lazy\" \/>\t\t\t\t\t\t\t\t\t\t\t\t\t\t\t<\/div>\n\t\t\t\t<\/div>\n\t\t\t\t<\/div>\n\t\t<div class=\"elementor-element elementor-element-4e48504 e-con-full e-flex e-con e-child\" data-id=\"4e48504\" data-element_type=\"container\">\n\t\t\t\t<div class=\"elementor-element elementor-element-f15a5c0 elementor-widget elementor-widget-image\" data-id=\"f15a5c0\" data-element_type=\"widget\" data-widget_type=\"image.default\">\n\t\t\t\t<div class=\"elementor-widget-container\">\n\t\t\t\t\t\t\t\t\t\t\t\t\t\t\t<img loading=\"lazy\" decoding=\"async\" width=\"1200\" height=\"700\" src=\"https:\/\/capoeirabrasilma.com\/wp-content\/uploads\/2024\/10\/championnat-1200x700.jpeg\" class=\"attachment-ocean-thumb-l size-ocean-thumb-l wp-image-516\" alt=\"\" \/>\t\t\t\t\t\t\t\t\t\t\t\t\t\t\t<\/div>\n\t\t\t\t<\/div>\n\t\t\t\t<\/div>\n\t\t<div class=\"elementor-element elementor-element-0991dc7 e-con-full e-flex e-con e-child\" data-id=\"0991dc7\" data-element_type=\"container\">\n\t\t\t\t<div class=\"elementor-element elementor-element-b0981b9 elementor-widget elementor-widget-image\" data-id=\"b0981b9\" data-element_type=\"widget\" data-widget_type=\"image.default\">\n\t\t\t\t<div class=\"elementor-widget-container\">\n\t\t\t\t\t\t\t\t\t\t\t\t\t\t\t<img decoding=\"async\" src=\"https:\/\/capoeirabrasilma.com\/wp-content\/uploads\/elementor\/thumbs\/solo-4-scaled-r0sajtmdclylwehoxfvx48elrlxr88jxi8vmvm332w.jpg\" title=\"solo (4)\" alt=\"solo (4)\" loading=\"lazy\" \/>\t\t\t\t\t\t\t\t\t\t\t\t\t\t\t<\/div>\n\t\t\t\t<\/div>\n\t\t\t\t<\/div>\n\t\t<div class=\"elementor-element elementor-element-f11c376 e-con-full e-flex e-con e-child\" data-id=\"f11c376\" data-element_type=\"container\">\n\t\t\t\t<div class=\"elementor-element elementor-element-a0fd8e1 elementor-widget elementor-widget-text-editor\" data-id=\"a0fd8e1\" data-element_type=\"widget\" data-widget_type=\"text-editor.default\">\n\t\t\t\t<div class=\"elementor-widget-container\">\n\t\t\t\t\t\t\t\t\t<p>Le dimanche 05 mai 2024 a eu lieu le festival. Le matin, les enfants ont pu profiter d&rsquo;un stage d\u00e9couverte de macul\u00e9l\u00e9 dispens\u00e9 par Professora Jamaica.&nbsp;<\/p><p>Apr\u00e8s une bonne pause d\u00e9jeuner pour reprendre des forces, ce fut l&rsquo;heure du championnat enfant. Les \u00e9l\u00e8ves de tous \u00e2ges et tous niveaux se sont affront\u00e9s pour remporter les coupes des diff\u00e9rentes cat\u00e9gories.<\/p><p>Enfin, la journ\u00e9e s&rsquo;est conclue par une remise des cordes pour petits et grands<\/p>\t\t\t\t\t\t\t\t<\/div>\n\t\t\t\t<\/div>\n\t\t\t\t<\/div>\n\t\t<div class=\"elementor-element elementor-element-07ad05f e-con-full e-flex e-con e-child\" data-id=\"07ad05f\" data-element_type=\"container\">\n\t\t\t\t<div class=\"elementor-element elementor-element-dbd595e elementor-widget elementor-widget-image\" data-id=\"dbd595e\" data-element_type=\"widget\" data-widget_type=\"image.default\">\n\t\t\t\t<div class=\"elementor-widget-container\">\n\t\t\t\t\t\t\t\t\t\t\t\t\t\t\t<img decoding=\"async\" src=\"https:\/\/capoeirabrasilma.com\/wp-content\/uploads\/elementor\/thumbs\/maculele-qw8ru6nwz57rguhsg5b50x536sprakcazizczkertk.jpeg\" title=\"macul\u00e9l\u00e9 capoeira brasil maisons alfort\" alt=\"macul\u00e9l\u00e9 capoeira brasil maisons alfort\" loading=\"lazy\" \/>\t\t\t\t\t\t\t\t\t\t\t\t\t\t\t<\/div>\n\t\t\t\t<\/div>\n\t\t\t\t<\/div>\n\t\t\t\t\t<\/div>\n\t\t\t\t<\/div>\n\t\t\t\t<\/div>\n\t\t","protected":false},"excerpt":{"rendered":"<p>Nos \u00e9v\u00e8nements Tout au long de l&rsquo;ann\u00e9e nous organisons diff\u00e9rents \u00e9v\u00e8nements : des championnats, des festivals ou encore des rodas ouvertes. Retour sur les derniers \u00e9v\u00e8nements organis\u00e9s\u00a0 ! Roda ouverte f\u00e9vrier 2025 \u00a0 \u00a0 Roda ouverte du mercredi 26 f\u00e9vrier 2025. Merci \u00e0 tous pour votre venue et votre \u00e9nergie ! Roda ouverte octobre 2024 [&hellip;]<\/p>\n","protected":false},"author":1,"featured_media":0,"parent":0,"menu_order":0,"comment_status":"closed","ping_status":"closed","template":"","meta":{"_eb_attr":"","footnotes":""},"class_list":["post-637","page","type-page","status-publish","hentry","entry"],"yoast_head":"<!-- This site is optimized with the Yoast SEO plugin v23.7 - https:\/\/yoast.com\/wordpress\/plugins\/seo\/ -->\n<title>Nos \u00e9v\u00e8nements - Capoeira Maisons-Alfort<\/title>\n<meta name=\"robots\" content=\"index, follow, max-snippet:-1, max-image-preview:large, max-video-preview:-1\" \/>\n<link rel=\"canonical\" href=\"https:\/\/capoeirabrasilma.com\/index.php\/les-evenements\/\" \/>\n<meta property=\"og:locale\" content=\"fr_FR\" \/>\n<meta property=\"og:type\" content=\"article\" \/>\n<meta property=\"og:title\" content=\"Nos \u00e9v\u00e8nements - Capoeira Maisons-Alfort\" \/>\n<meta property=\"og:description\" content=\"Nos \u00e9v\u00e8nements Tout au long de l&rsquo;ann\u00e9e nous organisons diff\u00e9rents \u00e9v\u00e8nements : des championnats, des festivals ou encore des rodas ouvertes. Retour sur les derniers \u00e9v\u00e8nements organis\u00e9s\u00a0 ! Roda ouverte f\u00e9vrier 2025 \u00a0 \u00a0 Roda ouverte du mercredi 26 f\u00e9vrier 2025. Merci \u00e0 tous pour votre venue et votre \u00e9nergie ! Roda ouverte octobre 2024 [&hellip;]\" \/>\n<meta property=\"og:url\" content=\"https:\/\/capoeirabrasilma.com\/index.php\/les-evenements\/\" \/>\n<meta property=\"og:site_name\" content=\"Capoeira Maisons-Alfort\" \/>\n<meta property=\"article:publisher\" content=\"https:\/\/www.facebook.com\/capoeiramaisonsalfort\" \/>\n<meta property=\"article:modified_time\" content=\"2025-04-01T12:49:59+00:00\" \/>\n<meta property=\"og:image\" content=\"https:\/\/capoeirabrasilma.com\/wp-content\/uploads\/2025\/03\/d4260f9b-df12-42db-9d9b-003fcd21268b-1024x768.jpg\" \/>\n<meta name=\"twitter:card\" content=\"summary_large_image\" \/>\n<meta name=\"twitter:label1\" content=\"Dur\u00e9e de lecture estim\u00e9e\" \/>\n\t<meta name=\"twitter:data1\" content=\"3 minutes\" \/>\n<script type=\"application\/ld+json\" class=\"yoast-schema-graph\">{\"@context\":\"https:\/\/schema.org\",\"@graph\":[{\"@type\":\"WebPage\",\"@id\":\"https:\/\/capoeirabrasilma.com\/index.php\/les-evenements\/\",\"url\":\"https:\/\/capoeirabrasilma.com\/index.php\/les-evenements\/\",\"name\":\"Nos \u00e9v\u00e8nements - Capoeira Maisons-Alfort\",\"isPartOf\":{\"@id\":\"https:\/\/capoeirabrasilma.com\/#website\"},\"primaryImageOfPage\":{\"@id\":\"https:\/\/capoeirabrasilma.com\/index.php\/les-evenements\/#primaryimage\"},\"image\":{\"@id\":\"https:\/\/capoeirabrasilma.com\/index.php\/les-evenements\/#primaryimage\"},\"thumbnailUrl\":\"https:\/\/capoeirabrasilma.com\/wp-content\/uploads\/2025\/03\/d4260f9b-df12-42db-9d9b-003fcd21268b-1024x768.jpg\",\"datePublished\":\"2025-01-30T18:14:38+00:00\",\"dateModified\":\"2025-04-01T12:49:59+00:00\",\"breadcrumb\":{\"@id\":\"https:\/\/capoeirabrasilma.com\/index.php\/les-evenements\/#breadcrumb\"},\"inLanguage\":\"fr-FR\",\"potentialAction\":[{\"@type\":\"ReadAction\",\"target\":[\"https:\/\/capoeirabrasilma.com\/index.php\/les-evenements\/\"]}]},{\"@type\":\"ImageObject\",\"inLanguage\":\"fr-FR\",\"@id\":\"https:\/\/capoeirabrasilma.com\/index.php\/les-evenements\/#primaryimage\",\"url\":\"https:\/\/capoeirabrasilma.com\/wp-content\/uploads\/2025\/03\/d4260f9b-df12-42db-9d9b-003fcd21268b.jpg\",\"contentUrl\":\"https:\/\/capoeirabrasilma.com\/wp-content\/uploads\/2025\/03\/d4260f9b-df12-42db-9d9b-003fcd21268b.jpg\",\"width\":2048,\"height\":1536},{\"@type\":\"BreadcrumbList\",\"@id\":\"https:\/\/capoeirabrasilma.com\/index.php\/les-evenements\/#breadcrumb\",\"itemListElement\":[{\"@type\":\"ListItem\",\"position\":1,\"name\":\"Accueil\",\"item\":\"https:\/\/capoeirabrasilma.com\/\"},{\"@type\":\"ListItem\",\"position\":2,\"name\":\"Nos \u00e9v\u00e8nements\"}]},{\"@type\":\"WebSite\",\"@id\":\"https:\/\/capoeirabrasilma.com\/#website\",\"url\":\"https:\/\/capoeirabrasilma.com\/\",\"name\":\"Capoeira Maisons-Alfort\",\"description\":\"Capoeira Maisons-Alfort\",\"publisher\":{\"@id\":\"https:\/\/capoeirabrasilma.com\/#organization\"},\"alternateName\":\"Capoeira Maisons-Alfort\",\"potentialAction\":[{\"@type\":\"SearchAction\",\"target\":{\"@type\":\"EntryPoint\",\"urlTemplate\":\"https:\/\/capoeirabrasilma.com\/?s={search_term_string}\"},\"query-input\":{\"@type\":\"PropertyValueSpecification\",\"valueRequired\":true,\"valueName\":\"search_term_string\"}}],\"inLanguage\":\"fr-FR\"},{\"@type\":\"Organization\",\"@id\":\"https:\/\/capoeirabrasilma.com\/#organization\",\"name\":\"Capoeira Maisons-Alfort\",\"alternateName\":\"Capoeira braise maisons alfort\",\"url\":\"https:\/\/capoeirabrasilma.com\/\",\"logo\":{\"@type\":\"ImageObject\",\"inLanguage\":\"fr-FR\",\"@id\":\"https:\/\/capoeirabrasilma.com\/#\/schema\/logo\/image\/\",\"url\":\"https:\/\/capoeirabrasilma.com\/wp-content\/uploads\/2024\/10\/cropped-logo-capoeira-brasil.jpeg\",\"contentUrl\":\"https:\/\/capoeirabrasilma.com\/wp-content\/uploads\/2024\/10\/cropped-logo-capoeira-brasil.jpeg\",\"width\":1010,\"height\":1000,\"caption\":\"Capoeira Maisons-Alfort\"},\"image\":{\"@id\":\"https:\/\/capoeirabrasilma.com\/#\/schema\/logo\/image\/\"},\"sameAs\":[\"https:\/\/www.facebook.com\/capoeiramaisonsalfort\",\"https:\/\/www.instagram.com\/capoeiramaisonsalfort\/?igsh=MTk4ZHA5bDV1NXNqbA\"]}]}<\/script>\n<!-- \/ Yoast SEO plugin. -->","yoast_head_json":{"title":"Nos \u00e9v\u00e8nements - Capoeira Maisons-Alfort","robots":{"index":"index","follow":"follow","max-snippet":"max-snippet:-1","max-image-preview":"max-image-preview:large","max-video-preview":"max-video-preview:-1"},"canonical":"https:\/\/capoeirabrasilma.com\/index.php\/les-evenements\/","og_locale":"fr_FR","og_type":"article","og_title":"Nos \u00e9v\u00e8nements - Capoeira Maisons-Alfort","og_description":"Nos \u00e9v\u00e8nements Tout au long de l&rsquo;ann\u00e9e nous organisons diff\u00e9rents \u00e9v\u00e8nements : des championnats, des festivals ou encore des rodas ouvertes. Retour sur les derniers \u00e9v\u00e8nements organis\u00e9s\u00a0 ! Roda ouverte f\u00e9vrier 2025 \u00a0 \u00a0 Roda ouverte du mercredi 26 f\u00e9vrier 2025. Merci \u00e0 tous pour votre venue et votre \u00e9nergie ! Roda ouverte octobre 2024 [&hellip;]","og_url":"https:\/\/capoeirabrasilma.com\/index.php\/les-evenements\/","og_site_name":"Capoeira Maisons-Alfort","article_publisher":"https:\/\/www.facebook.com\/capoeiramaisonsalfort","article_modified_time":"2025-04-01T12:49:59+00:00","og_image":[{"url":"https:\/\/capoeirabrasilma.com\/wp-content\/uploads\/2025\/03\/d4260f9b-df12-42db-9d9b-003fcd21268b-1024x768.jpg"}],"twitter_card":"summary_large_image","twitter_misc":{"Dur\u00e9e de lecture estim\u00e9e":"3 minutes"},"schema":{"@context":"https:\/\/schema.org","@graph":[{"@type":"WebPage","@id":"https:\/\/capoeirabrasilma.com\/index.php\/les-evenements\/","url":"https:\/\/capoeirabrasilma.com\/index.php\/les-evenements\/","name":"Nos \u00e9v\u00e8nements - Capoeira Maisons-Alfort","isPartOf":{"@id":"https:\/\/capoeirabrasilma.com\/#website"},"primaryImageOfPage":{"@id":"https:\/\/capoeirabrasilma.com\/index.php\/les-evenements\/#primaryimage"},"image":{"@id":"https:\/\/capoeirabrasilma.com\/index.php\/les-evenements\/#primaryimage"},"thumbnailUrl":"https:\/\/capoeirabrasilma.com\/wp-content\/uploads\/2025\/03\/d4260f9b-df12-42db-9d9b-003fcd21268b-1024x768.jpg","datePublished":"2025-01-30T18:14:38+00:00","dateModified":"2025-04-01T12:49:59+00:00","breadcrumb":{"@id":"https:\/\/capoeirabrasilma.com\/index.php\/les-evenements\/#breadcrumb"},"inLanguage":"fr-FR","potentialAction":[{"@type":"ReadAction","target":["https:\/\/capoeirabrasilma.com\/index.php\/les-evenements\/"]}]},{"@type":"ImageObject","inLanguage":"fr-FR","@id":"https:\/\/capoeirabrasilma.com\/index.php\/les-evenements\/#primaryimage","url":"https:\/\/capoeirabrasilma.com\/wp-content\/uploads\/2025\/03\/d4260f9b-df12-42db-9d9b-003fcd21268b.jpg","contentUrl":"https:\/\/capoeirabrasilma.com\/wp-content\/uploads\/2025\/03\/d4260f9b-df12-42db-9d9b-003fcd21268b.jpg","width":2048,"height":1536},{"@type":"BreadcrumbList","@id":"https:\/\/capoeirabrasilma.com\/index.php\/les-evenements\/#breadcrumb","itemListElement":[{"@type":"ListItem","position":1,"name":"Accueil","item":"https:\/\/capoeirabrasilma.com\/"},{"@type":"ListItem","position":2,"name":"Nos \u00e9v\u00e8nements"}]},{"@type":"WebSite","@id":"https:\/\/capoeirabrasilma.com\/#website","url":"https:\/\/capoeirabrasilma.com\/","name":"Capoeira Maisons-Alfort","description":"Capoeira Maisons-Alfort","publisher":{"@id":"https:\/\/capoeirabrasilma.com\/#organization"},"alternateName":"Capoeira Maisons-Alfort","potentialAction":[{"@type":"SearchAction","target":{"@type":"EntryPoint","urlTemplate":"https:\/\/capoeirabrasilma.com\/?s={search_term_string}"},"query-input":{"@type":"PropertyValueSpecification","valueRequired":true,"valueName":"search_term_string"}}],"inLanguage":"fr-FR"},{"@type":"Organization","@id":"https:\/\/capoeirabrasilma.com\/#organization","name":"Capoeira Maisons-Alfort","alternateName":"Capoeira braise maisons alfort","url":"https:\/\/capoeirabrasilma.com\/","logo":{"@type":"ImageObject","inLanguage":"fr-FR","@id":"https:\/\/capoeirabrasilma.com\/#\/schema\/logo\/image\/","url":"https:\/\/capoeirabrasilma.com\/wp-content\/uploads\/2024\/10\/cropped-logo-capoeira-brasil.jpeg","contentUrl":"https:\/\/capoeirabrasilma.com\/wp-content\/uploads\/2024\/10\/cropped-logo-capoeira-brasil.jpeg","width":1010,"height":1000,"caption":"Capoeira Maisons-Alfort"},"image":{"@id":"https:\/\/capoeirabrasilma.com\/#\/schema\/logo\/image\/"},"sameAs":["https:\/\/www.facebook.com\/capoeiramaisonsalfort","https:\/\/www.instagram.com\/capoeiramaisonsalfort\/?igsh=MTk4ZHA5bDV1NXNqbA"]}]}},"_links":{"self":[{"href":"https:\/\/capoeirabrasilma.com\/index.php\/wp-json\/wp\/v2\/pages\/637","targetHints":{"allow":["GET"]}}],"collection":[{"href":"https:\/\/capoeirabrasilma.com\/index.php\/wp-json\/wp\/v2\/pages"}],"about":[{"href":"https:\/\/capoeirabrasilma.com\/index.php\/wp-json\/wp\/v2\/types\/page"}],"author":[{"embeddable":true,"href":"https:\/\/capoeirabrasilma.com\/index.php\/wp-json\/wp\/v2\/users\/1"}],"replies":[{"embeddable":true,"href":"https:\/\/capoeirabrasilma.com\/index.php\/wp-json\/wp\/v2\/comments?post=637"}],"version-history":[{"count":41,"href":"https:\/\/capoeirabrasilma.com\/index.php\/wp-json\/wp\/v2\/pages\/637\/revisions"}],"predecessor-version":[{"id":853,"href":"https:\/\/capoeirabrasilma.com\/index.php\/wp-json\/wp\/v2\/pages\/637\/revisions\/853"}],"wp:attachment":[{"href":"https:\/\/capoeirabrasilma.com\/index.php\/wp-json\/wp\/v2\/media?parent=637"}],"curies":[{"name":"wp","href":"https:\/\/api.w.org\/{rel}","templated":true}]}}