{"id":75,"date":"2024-09-28T16:35:35","date_gmt":"2024-09-28T14:35:35","guid":{"rendered":"https:\/\/capoeirabrasilma.com\/?page_id=75"},"modified":"2024-10-28T23:27:41","modified_gmt":"2024-10-28T22:27:41","slug":"la-capoeira","status":"publish","type":"page","link":"https:\/\/capoeirabrasilma.com\/index.php\/la-capoeira\/","title":{"rendered":"La capoeira"},"content":{"rendered":"\t\t<div data-elementor-type=\"wp-page\" data-elementor-id=\"75\" class=\"elementor elementor-75\">\n\t\t\t\t\t\t<section class=\"elementor-section elementor-top-section elementor-element elementor-element-4d7734b2 elementor-section-full_width elementor-section-height-default elementor-section-height-default\" data-id=\"4d7734b2\" data-element_type=\"section\" data-settings=\"{&quot;background_background&quot;:&quot;classic&quot;}\">\n\t\t\t\t\t\t<div class=\"elementor-container elementor-column-gap-no\">\n\t\t\t\t\t<div class=\"elementor-column elementor-col-100 elementor-top-column elementor-element elementor-element-49a4f52b\" data-id=\"49a4f52b\" data-element_type=\"column\">\n\t\t\t<div class=\"elementor-widget-wrap elementor-element-populated\">\n\t\t\t\t\t\t<section class=\"elementor-section elementor-inner-section elementor-element elementor-element-47697975 elementor-section-full_width elementor-section-height-default elementor-section-height-default\" data-id=\"47697975\" data-element_type=\"section\">\n\t\t\t\t\t\t<div class=\"elementor-container elementor-column-gap-no\">\n\t\t\t\t\t<div class=\"elementor-column elementor-col-33 elementor-inner-column elementor-element elementor-element-327f6e65\" data-id=\"327f6e65\" data-element_type=\"column\">\n\t\t\t<div class=\"elementor-widget-wrap\">\n\t\t\t\t\t\t\t<\/div>\n\t\t<\/div>\n\t\t\t\t<div class=\"elementor-column elementor-col-33 elementor-inner-column elementor-element elementor-element-602141db\" data-id=\"602141db\" data-element_type=\"column\">\n\t\t\t<div class=\"elementor-widget-wrap elementor-element-populated\">\n\t\t\t\t\t\t<div class=\"elementor-element elementor-element-73677902 elementor-widget elementor-widget-heading\" data-id=\"73677902\" data-element_type=\"widget\" data-widget_type=\"heading.default\">\n\t\t\t\t<div class=\"elementor-widget-container\">\n\t\t\t\t\t<h2 class=\"elementor-heading-title elementor-size-default\">La Capoeira<\/h2>\t\t\t\t<\/div>\n\t\t\t\t<\/div>\n\t\t\t\t<div class=\"elementor-element elementor-element-47abf53e elementor-widget elementor-widget-spacer\" data-id=\"47abf53e\" data-element_type=\"widget\" data-widget_type=\"spacer.default\">\n\t\t\t\t<div class=\"elementor-widget-container\">\n\t\t\t\t\t\t\t<div class=\"elementor-spacer\">\n\t\t\t<div class=\"elementor-spacer-inner\"><\/div>\n\t\t<\/div>\n\t\t\t\t\t\t<\/div>\n\t\t\t\t<\/div>\n\t\t\t\t\t<\/div>\n\t\t<\/div>\n\t\t\t\t<div class=\"elementor-column elementor-col-33 elementor-inner-column elementor-element elementor-element-6532a264\" data-id=\"6532a264\" data-element_type=\"column\">\n\t\t\t<div class=\"elementor-widget-wrap\">\n\t\t\t\t\t\t\t<\/div>\n\t\t<\/div>\n\t\t\t\t\t<\/div>\n\t\t<\/section>\n\t\t\t\t<section class=\"elementor-section elementor-inner-section elementor-element elementor-element-36e4a295 elementor-section-boxed elementor-section-height-default elementor-section-height-default\" data-id=\"36e4a295\" data-element_type=\"section\">\n\t\t\t\t\t\t<div class=\"elementor-container elementor-column-gap-default\">\n\t\t\t\t\t\t<\/div>\n\t\t<\/section>\n\t\t\t\t\t<\/div>\n\t\t<\/div>\n\t\t\t\t\t<\/div>\n\t\t<\/section>\n\t\t\t\t<section class=\"elementor-section elementor-top-section elementor-element elementor-element-5ba2042b elementor-section-full_width elementor-section-height-default elementor-section-height-default\" data-id=\"5ba2042b\" data-element_type=\"section\">\n\t\t\t\t\t\t<div class=\"elementor-container elementor-column-gap-default\">\n\t\t\t\t\t<div class=\"elementor-column elementor-col-100 elementor-top-column elementor-element elementor-element-1df03b70\" data-id=\"1df03b70\" data-element_type=\"column\">\n\t\t\t<div class=\"elementor-widget-wrap elementor-element-populated\">\n\t\t\t\t\t\t<section class=\"elementor-section elementor-inner-section elementor-element elementor-element-6954f84a elementor-section-boxed elementor-section-height-default elementor-section-height-default\" data-id=\"6954f84a\" data-element_type=\"section\">\n\t\t\t\t\t\t<div class=\"elementor-container elementor-column-gap-default\">\n\t\t\t\t\t<div class=\"elementor-column elementor-col-100 elementor-inner-column elementor-element elementor-element-6d285adb\" data-id=\"6d285adb\" data-element_type=\"column\">\n\t\t\t<div class=\"elementor-widget-wrap elementor-element-populated\">\n\t\t\t\t\t\t<div class=\"elementor-element elementor-element-9bd2314 elementor-widget elementor-widget-heading\" data-id=\"9bd2314\" data-element_type=\"widget\" data-widget_type=\"heading.default\">\n\t\t\t\t<div class=\"elementor-widget-container\">\n\t\t\t\t\t<h2 class=\"elementor-heading-title elementor-size-default\">En bref<\/h2>\t\t\t\t<\/div>\n\t\t\t\t<\/div>\n\t\t\t\t<div class=\"elementor-element elementor-element-ab953f6 elementor-widget elementor-widget-text-editor\" data-id=\"ab953f6\" data-element_type=\"widget\" data-widget_type=\"text-editor.default\">\n\t\t\t\t<div class=\"elementor-widget-container\">\n\t\t\t\t\t\t\t\t\t<p align=\"justifie\">La Capoeira est une forme de lutte et d\u2019expression culturelle d\u2019origine afro-br\u00e9silienne. Elle est n\u00e9e sur le sol br\u00e9silien au temps de l\u2019esclavage, \u00e9mergeant de la souffrance des esclaves qui furent amen\u00e9s d\u2019Angola, du Mozambique ou encore de la Guin\u00e9e pour travailler dans les plantations de caf\u00e9 ou de canne \u00e0 sucre dans des conditions atroces.\n\nLes esclaves cr\u00e9ent ainsi une forme de combat qu\u2019ils dissimuleront en y m\u00e9langeant des danses et en y ajoutant musique et chants. Sa pratique fut interdite une fois sa dangerosit\u00e9 d\u00e9cel\u00e9e.\n\nAutoris\u00e9e au Br\u00e9sil depuis 1937 seulement, elle est d\u00e9sormais reconnue comme v\u00e9ritable richesse de la culture br\u00e9silienne, deuxi\u00e8me sport national au br\u00e9sil derri\u00e8re le football et maintenant pratiqu\u00e9e et enseign\u00e9e dans le monde entier.<\/p>\t\t\t\t\t\t\t\t<\/div>\n\t\t\t\t<\/div>\n\t\t\t\t\t<\/div>\n\t\t<\/div>\n\t\t\t\t\t<\/div>\n\t\t<\/section>\n\t\t\t\t\t<\/div>\n\t\t<\/div>\n\t\t\t\t\t<\/div>\n\t\t<\/section>\n\t\t\t\t<section class=\"elementor-section elementor-top-section elementor-element elementor-element-25a38df7 elementor-section-full_width elementor-section-height-default elementor-section-height-default\" data-id=\"25a38df7\" data-element_type=\"section\">\n\t\t\t\t\t\t<div class=\"elementor-container elementor-column-gap-default\">\n\t\t\t\t\t<div class=\"elementor-column elementor-col-100 elementor-top-column elementor-element elementor-element-5998d205\" data-id=\"5998d205\" data-element_type=\"column\">\n\t\t\t<div class=\"elementor-widget-wrap elementor-element-populated\">\n\t\t\t\t\t\t<section class=\"elementor-section elementor-inner-section elementor-element elementor-element-26187088 elementor-section-boxed elementor-section-height-default elementor-section-height-default\" data-id=\"26187088\" data-element_type=\"section\">\n\t\t\t\t\t\t<div class=\"elementor-container elementor-column-gap-default\">\n\t\t\t\t\t<div class=\"elementor-column elementor-col-50 elementor-inner-column elementor-element elementor-element-2e4c873e\" data-id=\"2e4c873e\" data-element_type=\"column\">\n\t\t\t<div class=\"elementor-widget-wrap elementor-element-populated\">\n\t\t\t\t\t\t<div class=\"elementor-element elementor-element-8247165 elementor-widget elementor-widget-image\" data-id=\"8247165\" data-element_type=\"widget\" data-widget_type=\"image.default\">\n\t\t\t\t<div class=\"elementor-widget-container\">\n\t\t\t\t\t\t\t\t\t\t\t\t\t\t\t<img decoding=\"async\" src=\"https:\/\/capoeirabrasilma.com\/wp-content\/uploads\/2024\/10\/Logo-capoeira-groupe.jpeg\" title=\"\" alt=\"capoeira brasil\" loading=\"lazy\" \/>\t\t\t\t\t\t\t\t\t\t\t\t\t\t\t<\/div>\n\t\t\t\t<\/div>\n\t\t\t\t\t<\/div>\n\t\t<\/div>\n\t\t\t\t<div class=\"elementor-column elementor-col-50 elementor-inner-column elementor-element elementor-element-74953657\" data-id=\"74953657\" data-element_type=\"column\">\n\t\t\t<div class=\"elementor-widget-wrap elementor-element-populated\">\n\t\t\t\t\t\t<div class=\"elementor-element elementor-element-6f38ee10 elementor-widget elementor-widget-heading\" data-id=\"6f38ee10\" data-element_type=\"widget\" data-widget_type=\"heading.default\">\n\t\t\t\t<div class=\"elementor-widget-container\">\n\t\t\t\t\t<h2 class=\"elementor-heading-title elementor-size-default\">Le groupe GCB<\/h2>\t\t\t\t<\/div>\n\t\t\t\t<\/div>\n\t\t\t\t<div class=\"elementor-element elementor-element-aef809b elementor-widget elementor-widget-text-editor\" data-id=\"aef809b\" data-element_type=\"widget\" data-widget_type=\"text-editor.default\">\n\t\t\t\t<div class=\"elementor-widget-container\">\n\t\t\t\t\t\t\t\t\t<p class=\"MsoNormal\" align=\"justify\"><span style=\"font-family: 'Arial',sans-serif;\">L\u2019\u00e9cole Grupo Capoeira Brasil a \u00e9t\u00e9 fond\u00e9e par les ma\u00eetres Boneco, Paulinho Sabi\u00e0 et\nPaulao do Ceara le 14 Janvier 1989 \u00e0 Niteroi (Br\u00e9sil). Ces trois hommes ont\npratiqu\u00e9 la Capoeira durant de nombreuses ann\u00e9es avant de s&rsquo;unir pour cr\u00e9er une\n\u00e9cole d&rsquo;entra\u00eenement moderne et organis\u00e9e.\u00a0<\/span><\/p>\n<p class=\"MsoNormal\"><span style=\"font-family: 'Arial',sans-serif;\">Dans le monde de la Capoeira, beaucoup de groupes adh\u00e8rent \u00e0 des philosophies et des\nstyles d&rsquo;entra\u00eenements diff\u00e9rents. Avant la fondation du groupe Capoeira\nBrasil, la capoeira existait principalement dans des petits groupes qui\nn&rsquo;avaient pas l\u2019infrastructure pour grandir au-del\u00e0 d&rsquo;une certaine limite\nd&rsquo;\u00e9l\u00e8ves. L&rsquo;un des premiers buts de l\u2019\u00e9cole \u00e9tait de mener la Capoeira \u00e0 un\ncertain niveau de popularit\u00e9 et \u00e9ventuellement de l&rsquo;exporter dans le monde. Le\ngroupe Capoeira Brasil est actuellement devenu l&rsquo;une des \u00e9coles les plus\ngrandes et les plus reconnues au Br\u00e9sil et dans le monde entier.<\/span><\/p>\n<p class=\"MsoNormal\"><span style=\"font-family: 'Arial',sans-serif;\">Le groupe poss\u00e8de maintenant une branche dans la plupart des \u00e9tats du Br\u00e9sil et\ns\u2019est \u00e9galement export\u00e9 vers de nombreux pays dans le monde : Etats-Unis,\nFrance, Hollande, Allemagne, Isra\u00ebl, Suisse, Espagne, Angleterre, Portugal,\nItalie, Hongrie, Australie, Argentine, Colombie, Nouvelle Z\u00e9lande, Japon&#8230;<\/span><\/p>\t\t\t\t\t\t\t\t<\/div>\n\t\t\t\t<\/div>\n\t\t\t\t\t<\/div>\n\t\t<\/div>\n\t\t\t\t\t<\/div>\n\t\t<\/section>\n\t\t\t\t\t<\/div>\n\t\t<\/div>\n\t\t\t\t\t<\/div>\n\t\t<\/section>\n\t\t\t\t<\/div>\n\t\t","protected":false},"excerpt":{"rendered":"<p>La Capoeira En bref La Capoeira est une forme de lutte et d\u2019expression culturelle d\u2019origine afro-br\u00e9silienne. Elle est n\u00e9e sur le sol br\u00e9silien au temps de l\u2019esclavage, \u00e9mergeant de la souffrance des esclaves qui furent amen\u00e9s d\u2019Angola, du Mozambique ou encore de la Guin\u00e9e pour travailler dans les plantations de caf\u00e9 ou de canne \u00e0 [&hellip;]<\/p>\n","protected":false},"author":1,"featured_media":0,"parent":0,"menu_order":0,"comment_status":"closed","ping_status":"closed","template":"elementor_header_footer","meta":{"_eb_attr":"","footnotes":""},"class_list":["post-75","page","type-page","status-publish","hentry","entry"],"yoast_head":"<!-- This site is optimized with the Yoast SEO plugin v23.7 - https:\/\/yoast.com\/wordpress\/plugins\/seo\/ -->\n<title>La capoeira - Capoeira Maisons-Alfort<\/title>\n<meta name=\"robots\" content=\"index, follow, max-snippet:-1, max-image-preview:large, max-video-preview:-1\" \/>\n<link rel=\"canonical\" href=\"https:\/\/capoeirabrasilma.com\/index.php\/la-capoeira\/\" \/>\n<meta property=\"og:locale\" content=\"fr_FR\" \/>\n<meta property=\"og:type\" content=\"article\" \/>\n<meta property=\"og:title\" content=\"La capoeira - Capoeira Maisons-Alfort\" \/>\n<meta property=\"og:description\" content=\"La Capoeira En bref La Capoeira est une forme de lutte et d\u2019expression culturelle d\u2019origine afro-br\u00e9silienne. Elle est n\u00e9e sur le sol br\u00e9silien au temps de l\u2019esclavage, \u00e9mergeant de la souffrance des esclaves qui furent amen\u00e9s d\u2019Angola, du Mozambique ou encore de la Guin\u00e9e pour travailler dans les plantations de caf\u00e9 ou de canne \u00e0 [&hellip;]\" \/>\n<meta property=\"og:url\" content=\"https:\/\/capoeirabrasilma.com\/index.php\/la-capoeira\/\" \/>\n<meta property=\"og:site_name\" content=\"Capoeira Maisons-Alfort\" \/>\n<meta property=\"article:publisher\" content=\"https:\/\/www.facebook.com\/capoeiramaisonsalfort\" \/>\n<meta property=\"article:modified_time\" content=\"2024-10-28T22:27:41+00:00\" \/>\n<meta property=\"og:image\" content=\"http:\/\/capoeirabrasilma.com\/wp-content\/uploads\/2024\/10\/Logo-capoeira-groupe.jpeg\" \/>\n<meta name=\"twitter:card\" content=\"summary_large_image\" \/>\n<meta name=\"twitter:label1\" content=\"Dur\u00e9e de lecture estim\u00e9e\" \/>\n\t<meta name=\"twitter:data1\" content=\"2 minutes\" \/>\n<script type=\"application\/ld+json\" class=\"yoast-schema-graph\">{\"@context\":\"https:\/\/schema.org\",\"@graph\":[{\"@type\":\"WebPage\",\"@id\":\"https:\/\/capoeirabrasilma.com\/index.php\/la-capoeira\/\",\"url\":\"https:\/\/capoeirabrasilma.com\/index.php\/la-capoeira\/\",\"name\":\"La capoeira - Capoeira Maisons-Alfort\",\"isPartOf\":{\"@id\":\"https:\/\/capoeirabrasilma.com\/#website\"},\"primaryImageOfPage\":{\"@id\":\"https:\/\/capoeirabrasilma.com\/index.php\/la-capoeira\/#primaryimage\"},\"image\":{\"@id\":\"https:\/\/capoeirabrasilma.com\/index.php\/la-capoeira\/#primaryimage\"},\"thumbnailUrl\":\"http:\/\/capoeirabrasilma.com\/wp-content\/uploads\/2024\/10\/Logo-capoeira-groupe.jpeg\",\"datePublished\":\"2024-09-28T14:35:35+00:00\",\"dateModified\":\"2024-10-28T22:27:41+00:00\",\"breadcrumb\":{\"@id\":\"https:\/\/capoeirabrasilma.com\/index.php\/la-capoeira\/#breadcrumb\"},\"inLanguage\":\"fr-FR\",\"potentialAction\":[{\"@type\":\"ReadAction\",\"target\":[\"https:\/\/capoeirabrasilma.com\/index.php\/la-capoeira\/\"]}]},{\"@type\":\"ImageObject\",\"inLanguage\":\"fr-FR\",\"@id\":\"https:\/\/capoeirabrasilma.com\/index.php\/la-capoeira\/#primaryimage\",\"url\":\"http:\/\/capoeirabrasilma.com\/wp-content\/uploads\/2024\/10\/Logo-capoeira-groupe.jpeg\",\"contentUrl\":\"http:\/\/capoeirabrasilma.com\/wp-content\/uploads\/2024\/10\/Logo-capoeira-groupe.jpeg\"},{\"@type\":\"BreadcrumbList\",\"@id\":\"https:\/\/capoeirabrasilma.com\/index.php\/la-capoeira\/#breadcrumb\",\"itemListElement\":[{\"@type\":\"ListItem\",\"position\":1,\"name\":\"Accueil\",\"item\":\"https:\/\/capoeirabrasilma.com\/\"},{\"@type\":\"ListItem\",\"position\":2,\"name\":\"La capoeira\"}]},{\"@type\":\"WebSite\",\"@id\":\"https:\/\/capoeirabrasilma.com\/#website\",\"url\":\"https:\/\/capoeirabrasilma.com\/\",\"name\":\"Capoeira Maisons-Alfort\",\"description\":\"Capoeira Maisons-Alfort\",\"publisher\":{\"@id\":\"https:\/\/capoeirabrasilma.com\/#organization\"},\"alternateName\":\"Capoeira Maisons-Alfort\",\"potentialAction\":[{\"@type\":\"SearchAction\",\"target\":{\"@type\":\"EntryPoint\",\"urlTemplate\":\"https:\/\/capoeirabrasilma.com\/?s={search_term_string}\"},\"query-input\":{\"@type\":\"PropertyValueSpecification\",\"valueRequired\":true,\"valueName\":\"search_term_string\"}}],\"inLanguage\":\"fr-FR\"},{\"@type\":\"Organization\",\"@id\":\"https:\/\/capoeirabrasilma.com\/#organization\",\"name\":\"Capoeira Maisons-Alfort\",\"alternateName\":\"Capoeira braise maisons alfort\",\"url\":\"https:\/\/capoeirabrasilma.com\/\",\"logo\":{\"@type\":\"ImageObject\",\"inLanguage\":\"fr-FR\",\"@id\":\"https:\/\/capoeirabrasilma.com\/#\/schema\/logo\/image\/\",\"url\":\"https:\/\/capoeirabrasilma.com\/wp-content\/uploads\/2024\/10\/cropped-logo-capoeira-brasil.jpeg\",\"contentUrl\":\"https:\/\/capoeirabrasilma.com\/wp-content\/uploads\/2024\/10\/cropped-logo-capoeira-brasil.jpeg\",\"width\":1010,\"height\":1000,\"caption\":\"Capoeira Maisons-Alfort\"},\"image\":{\"@id\":\"https:\/\/capoeirabrasilma.com\/#\/schema\/logo\/image\/\"},\"sameAs\":[\"https:\/\/www.facebook.com\/capoeiramaisonsalfort\",\"https:\/\/www.instagram.com\/capoeiramaisonsalfort\/?igsh=MTk4ZHA5bDV1NXNqbA\"]}]}<\/script>\n<!-- \/ Yoast SEO plugin. -->","yoast_head_json":{"title":"La capoeira - Capoeira Maisons-Alfort","robots":{"index":"index","follow":"follow","max-snippet":"max-snippet:-1","max-image-preview":"max-image-preview:large","max-video-preview":"max-video-preview:-1"},"canonical":"https:\/\/capoeirabrasilma.com\/index.php\/la-capoeira\/","og_locale":"fr_FR","og_type":"article","og_title":"La capoeira - Capoeira Maisons-Alfort","og_description":"La Capoeira En bref La Capoeira est une forme de lutte et d\u2019expression culturelle d\u2019origine afro-br\u00e9silienne. Elle est n\u00e9e sur le sol br\u00e9silien au temps de l\u2019esclavage, \u00e9mergeant de la souffrance des esclaves qui furent amen\u00e9s d\u2019Angola, du Mozambique ou encore de la Guin\u00e9e pour travailler dans les plantations de caf\u00e9 ou de canne \u00e0 [&hellip;]","og_url":"https:\/\/capoeirabrasilma.com\/index.php\/la-capoeira\/","og_site_name":"Capoeira Maisons-Alfort","article_publisher":"https:\/\/www.facebook.com\/capoeiramaisonsalfort","article_modified_time":"2024-10-28T22:27:41+00:00","og_image":[{"url":"http:\/\/capoeirabrasilma.com\/wp-content\/uploads\/2024\/10\/Logo-capoeira-groupe.jpeg"}],"twitter_card":"summary_large_image","twitter_misc":{"Dur\u00e9e de lecture estim\u00e9e":"2 minutes"},"schema":{"@context":"https:\/\/schema.org","@graph":[{"@type":"WebPage","@id":"https:\/\/capoeirabrasilma.com\/index.php\/la-capoeira\/","url":"https:\/\/capoeirabrasilma.com\/index.php\/la-capoeira\/","name":"La capoeira - Capoeira Maisons-Alfort","isPartOf":{"@id":"https:\/\/capoeirabrasilma.com\/#website"},"primaryImageOfPage":{"@id":"https:\/\/capoeirabrasilma.com\/index.php\/la-capoeira\/#primaryimage"},"image":{"@id":"https:\/\/capoeirabrasilma.com\/index.php\/la-capoeira\/#primaryimage"},"thumbnailUrl":"http:\/\/capoeirabrasilma.com\/wp-content\/uploads\/2024\/10\/Logo-capoeira-groupe.jpeg","datePublished":"2024-09-28T14:35:35+00:00","dateModified":"2024-10-28T22:27:41+00:00","breadcrumb":{"@id":"https:\/\/capoeirabrasilma.com\/index.php\/la-capoeira\/#breadcrumb"},"inLanguage":"fr-FR","potentialAction":[{"@type":"ReadAction","target":["https:\/\/capoeirabrasilma.com\/index.php\/la-capoeira\/"]}]},{"@type":"ImageObject","inLanguage":"fr-FR","@id":"https:\/\/capoeirabrasilma.com\/index.php\/la-capoeira\/#primaryimage","url":"http:\/\/capoeirabrasilma.com\/wp-content\/uploads\/2024\/10\/Logo-capoeira-groupe.jpeg","contentUrl":"http:\/\/capoeirabrasilma.com\/wp-content\/uploads\/2024\/10\/Logo-capoeira-groupe.jpeg"},{"@type":"BreadcrumbList","@id":"https:\/\/capoeirabrasilma.com\/index.php\/la-capoeira\/#breadcrumb","itemListElement":[{"@type":"ListItem","position":1,"name":"Accueil","item":"https:\/\/capoeirabrasilma.com\/"},{"@type":"ListItem","position":2,"name":"La capoeira"}]},{"@type":"WebSite","@id":"https:\/\/capoeirabrasilma.com\/#website","url":"https:\/\/capoeirabrasilma.com\/","name":"Capoeira Maisons-Alfort","description":"Capoeira Maisons-Alfort","publisher":{"@id":"https:\/\/capoeirabrasilma.com\/#organization"},"alternateName":"Capoeira Maisons-Alfort","potentialAction":[{"@type":"SearchAction","target":{"@type":"EntryPoint","urlTemplate":"https:\/\/capoeirabrasilma.com\/?s={search_term_string}"},"query-input":{"@type":"PropertyValueSpecification","valueRequired":true,"valueName":"search_term_string"}}],"inLanguage":"fr-FR"},{"@type":"Organization","@id":"https:\/\/capoeirabrasilma.com\/#organization","name":"Capoeira Maisons-Alfort","alternateName":"Capoeira braise maisons alfort","url":"https:\/\/capoeirabrasilma.com\/","logo":{"@type":"ImageObject","inLanguage":"fr-FR","@id":"https:\/\/capoeirabrasilma.com\/#\/schema\/logo\/image\/","url":"https:\/\/capoeirabrasilma.com\/wp-content\/uploads\/2024\/10\/cropped-logo-capoeira-brasil.jpeg","contentUrl":"https:\/\/capoeirabrasilma.com\/wp-content\/uploads\/2024\/10\/cropped-logo-capoeira-brasil.jpeg","width":1010,"height":1000,"caption":"Capoeira Maisons-Alfort"},"image":{"@id":"https:\/\/capoeirabrasilma.com\/#\/schema\/logo\/image\/"},"sameAs":["https:\/\/www.facebook.com\/capoeiramaisonsalfort","https:\/\/www.instagram.com\/capoeiramaisonsalfort\/?igsh=MTk4ZHA5bDV1NXNqbA"]}]}},"_links":{"self":[{"href":"https:\/\/capoeirabrasilma.com\/index.php\/wp-json\/wp\/v2\/pages\/75","targetHints":{"allow":["GET"]}}],"collection":[{"href":"https:\/\/capoeirabrasilma.com\/index.php\/wp-json\/wp\/v2\/pages"}],"about":[{"href":"https:\/\/capoeirabrasilma.com\/index.php\/wp-json\/wp\/v2\/types\/page"}],"author":[{"embeddable":true,"href":"https:\/\/capoeirabrasilma.com\/index.php\/wp-json\/wp\/v2\/users\/1"}],"replies":[{"embeddable":true,"href":"https:\/\/capoeirabrasilma.com\/index.php\/wp-json\/wp\/v2\/comments?post=75"}],"version-history":[{"count":32,"href":"https:\/\/capoeirabrasilma.com\/index.php\/wp-json\/wp\/v2\/pages\/75\/revisions"}],"predecessor-version":[{"id":443,"href":"https:\/\/capoeirabrasilma.com\/index.php\/wp-json\/wp\/v2\/pages\/75\/revisions\/443"}],"wp:attachment":[{"href":"https:\/\/capoeirabrasilma.com\/index.php\/wp-json\/wp\/v2\/media?parent=75"}],"curies":[{"name":"wp","href":"https:\/\/api.w.org\/{rel}","templated":true}]}}