{"id":81,"date":"2024-09-28T16:36:19","date_gmt":"2024-09-28T14:36:19","guid":{"rendered":"https:\/\/capoeirabrasilma.com\/?page_id=81"},"modified":"2024-11-04T11:19:14","modified_gmt":"2024-11-04T10:19:14","slug":"contact","status":"publish","type":"page","link":"https:\/\/capoeirabrasilma.com\/index.php\/contact\/","title":{"rendered":"Contact"},"content":{"rendered":"\t\t<div data-elementor-type=\"wp-page\" data-elementor-id=\"81\" class=\"elementor elementor-81\">\n\t\t\t\t<div class=\"elementor-element elementor-element-969dd8f e-flex e-con-boxed e-con e-parent\" data-id=\"969dd8f\" data-element_type=\"container\">\n\t\t\t\t\t<div class=\"e-con-inner\">\n\t\t\t\t<div class=\"elementor-element elementor-element-dc4736a elementor-widget elementor-widget-heading\" data-id=\"dc4736a\" data-element_type=\"widget\" data-widget_type=\"heading.default\">\n\t\t\t\t<div class=\"elementor-widget-container\">\n\t\t\t\t\t<h2 class=\"elementor-heading-title elementor-size-default\">Nous contacter<br><\/h2>\t\t\t\t<\/div>\n\t\t\t\t<\/div>\n\t\t\t\t\t<\/div>\n\t\t\t\t<\/div>\n\t\t<div class=\"elementor-element elementor-element-615e5f2 e-flex e-con-boxed e-con e-parent\" data-id=\"615e5f2\" data-element_type=\"container\">\n\t\t\t\t\t<div class=\"e-con-inner\">\n\t\t<div class=\"elementor-element elementor-element-f534c8d e-con-full e-flex e-con e-child\" data-id=\"f534c8d\" data-element_type=\"container\">\n\t\t\t\t<div class=\"elementor-element elementor-element-946a47d elementor-widget elementor-widget-text-editor\" data-id=\"946a47d\" data-element_type=\"widget\" data-widget_type=\"text-editor.default\">\n\t\t\t\t<div class=\"elementor-widget-container\">\n\t\t\t\t\t\t\t\t\t<p>Nous sommes l\u00e0 pour t&rsquo;aider ! Si tu as des questions, des commentaires ou des demandes sur la capoeira \u00e0 Maisons-Alfort, n&rsquo;h\u00e9site pas \u00e0 nous contacter. Remplis le formulaire ci-dessous et nous te r\u00e9pondrons dans les plus brefs d\u00e9lais.<\/p>\t\t\t\t\t\t\t\t<\/div>\n\t\t\t\t<\/div>\n\t\t\t\t<div class=\"elementor-element elementor-element-b811467 elementor-widget elementor-widget-formidable\" data-id=\"b811467\" data-element_type=\"widget\" data-widget_type=\"formidable.default\">\n\t\t\t\t<div class=\"elementor-widget-container\">\n\t\t\t\t\t<div class=\"frm_forms  with_frm_style frm_style_style-formidable\" id=\"frm_form_2_container\" data-token=\"a53d2f43d7ea8d880ea919ac4569e6dc\">\n<form enctype=\"multipart\/form-data\" method=\"post\" class=\"frm-show-form \" id=\"form_contact\" data-token=\"a53d2f43d7ea8d880ea919ac4569e6dc\">\n<div class=\"frm_form_fields \">\n<fieldset>\n<legend class=\"frm_screen_reader\">Contact<\/legend>\n\n<div class=\"frm_fields_container\">\n<input type=\"hidden\" name=\"frm_action\" value=\"create\" \/>\n<input type=\"hidden\" name=\"form_id\" value=\"2\" \/>\n<input type=\"hidden\" name=\"frm_hide_fields_2\" id=\"frm_hide_fields_2\" value=\"\" \/>\n<input type=\"hidden\" name=\"form_key\" value=\"contact\" \/>\n<input type=\"hidden\" name=\"item_meta[0]\" value=\"\" \/>\n<input type=\"hidden\" id=\"frm_submit_entry_2\" name=\"frm_submit_entry_2\" value=\"bbd9c5a418\" \/><input type=\"hidden\" name=\"_wp_http_referer\" value=\"\/index.php\/wp-json\/wp\/v2\/pages\/81\" \/><div id=\"frm_field_8_container\" class=\"frm_form_field form-field  frm_required_field frm_top_container frm6 frm_first\">\n\t<label for=\"field_gex56\" id=\"field_gex56_label\" class=\"frm_primary_label\">Nom\n\t\t<span class=\"frm_required\" aria-hidden=\"true\">*<\/span>\n\t<\/label>\n\t<input type=\"text\" id=\"field_gex56\" name=\"item_meta[8]\" value=\"\"  data-reqmsg=\"Nom ne peut pas \u00eatre vide.\" aria-required=\"true\" data-invmsg=\"Nom est non valide\" aria-invalid=\"false\"  \/>\n\t\n\t\n<\/div>\n<div id=\"frm_field_7_container\" class=\"frm_form_field form-field  frm_required_field frm_top_container frm6\">\n\t<label for=\"field_40bor\" id=\"field_40bor_label\" class=\"frm_primary_label\">Pr\u00e9nom\n\t\t<span class=\"frm_required\" aria-hidden=\"true\">*<\/span>\n\t<\/label>\n\t<input type=\"text\" id=\"field_40bor\" name=\"item_meta[7]\" value=\"\"  data-reqmsg=\"Pr\u00e9nom ne peut pas \u00eatre vide.\" aria-required=\"true\" data-invmsg=\"Pr\u00e9nom est non valide\" aria-invalid=\"false\"  \/>\n\t\n\t\n<\/div>\n<div id=\"frm_field_9_container\" class=\"frm_form_field form-field  frm_required_field frm_top_container frm_first\">\n\t<label for=\"field_mnrfa\" id=\"field_mnrfa_label\" class=\"frm_primary_label\">Email\n\t\t<span class=\"frm_required\" aria-hidden=\"true\">*<\/span>\n\t<\/label>\n\t<input type=\"email\" id=\"field_mnrfa\" name=\"item_meta[9]\" value=\"\"  data-reqmsg=\"Email ne peut pas \u00eatre vide.\" aria-required=\"true\" data-invmsg=\"Email est non valide\" aria-invalid=\"false\"  \/>\n\t\n\t\n<\/div>\n<div id=\"frm_field_10_container\" class=\"frm_form_field form-field  frm_top_container frm_first\">\n\t<label for=\"field_d4grm\" id=\"field_d4grm_label\" class=\"frm_primary_label\">Message\n\t\t<span class=\"frm_required\" aria-hidden=\"true\"><\/span>\n\t<\/label>\n\t<textarea name=\"item_meta[10]\" id=\"field_d4grm\" rows=\"5\"  data-invmsg=\"Message est non valide\" aria-invalid=\"false\"  ><\/textarea>\n\t\n\t\n<\/div>\n<div id=\"frm_field_6_container\" class=\"frm_form_field form-field  frm_first\">\n\t<div class=\"frm_submit frm_flex\">\n<button class=\"frm_button_submit\" type=\"submit\"  >Envoyer<\/button>\n\n\n\n<\/div>\n<\/div>\n\t<input type=\"hidden\" name=\"item_key\" value=\"\" \/>\n\t\t\t\t<div class=\"frm__66f8243e6715e\">\n\t\t\t\t<label for=\"frm_email_2\" >\n\t\t\t\t\tSi vous \u00eates un humain, ne remplissez pas ce champ.\t\t\t\t<\/label>\n\t\t\t\t<input  id=\"frm_email_2\" type=\"text\" class=\"frm_verify\" name=\"frm__66f8243e6715e\" value=\"\" autocomplete=\"off\"  \/>\n\t\t\t<\/div>\n\t\t<\/div>\n<\/fieldset>\n<\/div>\n<\/form>\n<\/div>\n\t\t\t\t<\/div>\n\t\t\t\t<\/div>\n\t\t\t\t<\/div>\n\t\t\t\t\t<\/div>\n\t\t\t\t<\/div>\n\t\t<div class=\"elementor-element elementor-element-85221b9 e-flex e-con-boxed e-con e-parent\" data-id=\"85221b9\" data-element_type=\"container\">\n\t\t\t\t\t<div class=\"e-con-inner\">\n\t\t\t\t<div class=\"elementor-element elementor-element-196048e elementor-widget__width-initial elementor-widget elementor-widget-image\" data-id=\"196048e\" data-element_type=\"widget\" data-widget_type=\"image.default\">\n\t\t\t\t<div class=\"elementor-widget-container\">\n\t\t\t\t\t\t\t\t\t\t\t\t\t\t\t<img fetchpriority=\"high\" decoding=\"async\" width=\"1024\" height=\"768\" src=\"https:\/\/capoeirabrasilma.com\/wp-content\/uploads\/2024\/10\/groupe-capoeira-maisons-alfort-1024x768.jpeg\" class=\"attachment-large size-large wp-image-506\" alt=\"groupe capoeira maisons alfort 2024\" srcset=\"https:\/\/capoeirabrasilma.com\/wp-content\/uploads\/2024\/10\/groupe-capoeira-maisons-alfort-1024x768.jpeg 1024w, https:\/\/capoeirabrasilma.com\/wp-content\/uploads\/2024\/10\/groupe-capoeira-maisons-alfort-300x225.jpeg 300w, https:\/\/capoeirabrasilma.com\/wp-content\/uploads\/2024\/10\/groupe-capoeira-maisons-alfort-768x576.jpeg 768w, https:\/\/capoeirabrasilma.com\/wp-content\/uploads\/2024\/10\/groupe-capoeira-maisons-alfort-1536x1152.jpeg 1536w, https:\/\/capoeirabrasilma.com\/wp-content\/uploads\/2024\/10\/groupe-capoeira-maisons-alfort.jpeg 1600w\" sizes=\"(max-width: 1024px) 100vw, 1024px\" \/>\t\t\t\t\t\t\t\t\t\t\t\t\t\t\t<\/div>\n\t\t\t\t<\/div>\n\t\t\t\t\t<\/div>\n\t\t\t\t<\/div>\n\t\t\t\t<\/div>\n\t\t","protected":false},"excerpt":{"rendered":"<p>Nous contacter Nous sommes l\u00e0 pour t&rsquo;aider ! Si tu as des questions, des commentaires ou des demandes sur la capoeira \u00e0 Maisons-Alfort, n&rsquo;h\u00e9site pas \u00e0 nous contacter. Remplis le formulaire ci-dessous et nous te r\u00e9pondrons dans les plus brefs d\u00e9lais. Contact Nom * Pr\u00e9nom * Email * Message Envoyer Si vous \u00eates un humain, [&hellip;]<\/p>\n","protected":false},"author":1,"featured_media":0,"parent":0,"menu_order":0,"comment_status":"closed","ping_status":"closed","template":"","meta":{"_eb_attr":"","footnotes":""},"class_list":["post-81","page","type-page","status-publish","hentry","entry"],"yoast_head":"<!-- This site is optimized with the Yoast SEO plugin v23.7 - https:\/\/yoast.com\/wordpress\/plugins\/seo\/ -->\n<title>Contact - Capoeira Maisons-Alfort<\/title>\n<meta name=\"description\" content=\"Une question ? Une remarque ? Besoin d&#039;informations suppl\u00e9mentaires sur la capoeira \u00e0 Maisons-Alfort ? N&#039;h\u00e9site pas \u00e0 nous contacter\" \/>\n<meta name=\"robots\" content=\"index, follow, max-snippet:-1, max-image-preview:large, max-video-preview:-1\" \/>\n<link rel=\"canonical\" href=\"https:\/\/capoeirabrasilma.com\/index.php\/contact\/\" \/>\n<meta property=\"og:locale\" content=\"fr_FR\" \/>\n<meta property=\"og:type\" content=\"article\" \/>\n<meta property=\"og:title\" content=\"Contact - Capoeira Maisons-Alfort\" \/>\n<meta property=\"og:description\" content=\"Une question ? Une remarque ? Besoin d&#039;informations suppl\u00e9mentaires sur la capoeira \u00e0 Maisons-Alfort ? N&#039;h\u00e9site pas \u00e0 nous contacter\" \/>\n<meta property=\"og:url\" content=\"https:\/\/capoeirabrasilma.com\/index.php\/contact\/\" \/>\n<meta property=\"og:site_name\" content=\"Capoeira Maisons-Alfort\" \/>\n<meta property=\"article:publisher\" content=\"https:\/\/www.facebook.com\/capoeiramaisonsalfort\" \/>\n<meta property=\"article:modified_time\" content=\"2024-11-04T10:19:14+00:00\" \/>\n<meta property=\"og:image\" content=\"http:\/\/capoeirabrasilma.com\/wp-content\/uploads\/2024\/10\/groupe-capoeira-maisons-alfort-1024x768.jpeg\" \/>\n<meta name=\"twitter:card\" content=\"summary_large_image\" \/>\n<meta name=\"twitter:label1\" content=\"Dur\u00e9e de lecture estim\u00e9e\" \/>\n\t<meta name=\"twitter:data1\" content=\"1 minute\" \/>\n<script type=\"application\/ld+json\" class=\"yoast-schema-graph\">{\"@context\":\"https:\/\/schema.org\",\"@graph\":[{\"@type\":\"WebPage\",\"@id\":\"https:\/\/capoeirabrasilma.com\/index.php\/contact\/\",\"url\":\"https:\/\/capoeirabrasilma.com\/index.php\/contact\/\",\"name\":\"Contact - Capoeira Maisons-Alfort\",\"isPartOf\":{\"@id\":\"https:\/\/capoeirabrasilma.com\/#website\"},\"primaryImageOfPage\":{\"@id\":\"https:\/\/capoeirabrasilma.com\/index.php\/contact\/#primaryimage\"},\"image\":{\"@id\":\"https:\/\/capoeirabrasilma.com\/index.php\/contact\/#primaryimage\"},\"thumbnailUrl\":\"http:\/\/capoeirabrasilma.com\/wp-content\/uploads\/2024\/10\/groupe-capoeira-maisons-alfort-1024x768.jpeg\",\"datePublished\":\"2024-09-28T14:36:19+00:00\",\"dateModified\":\"2024-11-04T10:19:14+00:00\",\"description\":\"Une question ? Une remarque ? Besoin d'informations suppl\u00e9mentaires sur la capoeira \u00e0 Maisons-Alfort ? N'h\u00e9site pas \u00e0 nous contacter\",\"breadcrumb\":{\"@id\":\"https:\/\/capoeirabrasilma.com\/index.php\/contact\/#breadcrumb\"},\"inLanguage\":\"fr-FR\",\"potentialAction\":[{\"@type\":\"ReadAction\",\"target\":[\"https:\/\/capoeirabrasilma.com\/index.php\/contact\/\"]}]},{\"@type\":\"ImageObject\",\"inLanguage\":\"fr-FR\",\"@id\":\"https:\/\/capoeirabrasilma.com\/index.php\/contact\/#primaryimage\",\"url\":\"http:\/\/capoeirabrasilma.com\/wp-content\/uploads\/2024\/10\/groupe-capoeira-maisons-alfort-1024x768.jpeg\",\"contentUrl\":\"http:\/\/capoeirabrasilma.com\/wp-content\/uploads\/2024\/10\/groupe-capoeira-maisons-alfort-1024x768.jpeg\"},{\"@type\":\"BreadcrumbList\",\"@id\":\"https:\/\/capoeirabrasilma.com\/index.php\/contact\/#breadcrumb\",\"itemListElement\":[{\"@type\":\"ListItem\",\"position\":1,\"name\":\"Accueil\",\"item\":\"https:\/\/capoeirabrasilma.com\/\"},{\"@type\":\"ListItem\",\"position\":2,\"name\":\"Contact\"}]},{\"@type\":\"WebSite\",\"@id\":\"https:\/\/capoeirabrasilma.com\/#website\",\"url\":\"https:\/\/capoeirabrasilma.com\/\",\"name\":\"Capoeira Maisons-Alfort\",\"description\":\"Capoeira Maisons-Alfort\",\"publisher\":{\"@id\":\"https:\/\/capoeirabrasilma.com\/#organization\"},\"alternateName\":\"Capoeira Maisons-Alfort\",\"potentialAction\":[{\"@type\":\"SearchAction\",\"target\":{\"@type\":\"EntryPoint\",\"urlTemplate\":\"https:\/\/capoeirabrasilma.com\/?s={search_term_string}\"},\"query-input\":{\"@type\":\"PropertyValueSpecification\",\"valueRequired\":true,\"valueName\":\"search_term_string\"}}],\"inLanguage\":\"fr-FR\"},{\"@type\":\"Organization\",\"@id\":\"https:\/\/capoeirabrasilma.com\/#organization\",\"name\":\"Capoeira Maisons-Alfort\",\"alternateName\":\"Capoeira braise maisons alfort\",\"url\":\"https:\/\/capoeirabrasilma.com\/\",\"logo\":{\"@type\":\"ImageObject\",\"inLanguage\":\"fr-FR\",\"@id\":\"https:\/\/capoeirabrasilma.com\/#\/schema\/logo\/image\/\",\"url\":\"https:\/\/capoeirabrasilma.com\/wp-content\/uploads\/2024\/10\/cropped-logo-capoeira-brasil.jpeg\",\"contentUrl\":\"https:\/\/capoeirabrasilma.com\/wp-content\/uploads\/2024\/10\/cropped-logo-capoeira-brasil.jpeg\",\"width\":1010,\"height\":1000,\"caption\":\"Capoeira Maisons-Alfort\"},\"image\":{\"@id\":\"https:\/\/capoeirabrasilma.com\/#\/schema\/logo\/image\/\"},\"sameAs\":[\"https:\/\/www.facebook.com\/capoeiramaisonsalfort\",\"https:\/\/www.instagram.com\/capoeiramaisonsalfort\/?igsh=MTk4ZHA5bDV1NXNqbA\"]}]}<\/script>\n<!-- \/ Yoast SEO plugin. -->","yoast_head_json":{"title":"Contact - Capoeira Maisons-Alfort","description":"Une question ? Une remarque ? Besoin d'informations suppl\u00e9mentaires sur la capoeira \u00e0 Maisons-Alfort ? N'h\u00e9site pas \u00e0 nous contacter","robots":{"index":"index","follow":"follow","max-snippet":"max-snippet:-1","max-image-preview":"max-image-preview:large","max-video-preview":"max-video-preview:-1"},"canonical":"https:\/\/capoeirabrasilma.com\/index.php\/contact\/","og_locale":"fr_FR","og_type":"article","og_title":"Contact - Capoeira Maisons-Alfort","og_description":"Une question ? Une remarque ? Besoin d'informations suppl\u00e9mentaires sur la capoeira \u00e0 Maisons-Alfort ? N'h\u00e9site pas \u00e0 nous contacter","og_url":"https:\/\/capoeirabrasilma.com\/index.php\/contact\/","og_site_name":"Capoeira Maisons-Alfort","article_publisher":"https:\/\/www.facebook.com\/capoeiramaisonsalfort","article_modified_time":"2024-11-04T10:19:14+00:00","og_image":[{"url":"http:\/\/capoeirabrasilma.com\/wp-content\/uploads\/2024\/10\/groupe-capoeira-maisons-alfort-1024x768.jpeg"}],"twitter_card":"summary_large_image","twitter_misc":{"Dur\u00e9e de lecture estim\u00e9e":"1 minute"},"schema":{"@context":"https:\/\/schema.org","@graph":[{"@type":"WebPage","@id":"https:\/\/capoeirabrasilma.com\/index.php\/contact\/","url":"https:\/\/capoeirabrasilma.com\/index.php\/contact\/","name":"Contact - Capoeira Maisons-Alfort","isPartOf":{"@id":"https:\/\/capoeirabrasilma.com\/#website"},"primaryImageOfPage":{"@id":"https:\/\/capoeirabrasilma.com\/index.php\/contact\/#primaryimage"},"image":{"@id":"https:\/\/capoeirabrasilma.com\/index.php\/contact\/#primaryimage"},"thumbnailUrl":"http:\/\/capoeirabrasilma.com\/wp-content\/uploads\/2024\/10\/groupe-capoeira-maisons-alfort-1024x768.jpeg","datePublished":"2024-09-28T14:36:19+00:00","dateModified":"2024-11-04T10:19:14+00:00","description":"Une question ? Une remarque ? Besoin d'informations suppl\u00e9mentaires sur la capoeira \u00e0 Maisons-Alfort ? N'h\u00e9site pas \u00e0 nous contacter","breadcrumb":{"@id":"https:\/\/capoeirabrasilma.com\/index.php\/contact\/#breadcrumb"},"inLanguage":"fr-FR","potentialAction":[{"@type":"ReadAction","target":["https:\/\/capoeirabrasilma.com\/index.php\/contact\/"]}]},{"@type":"ImageObject","inLanguage":"fr-FR","@id":"https:\/\/capoeirabrasilma.com\/index.php\/contact\/#primaryimage","url":"http:\/\/capoeirabrasilma.com\/wp-content\/uploads\/2024\/10\/groupe-capoeira-maisons-alfort-1024x768.jpeg","contentUrl":"http:\/\/capoeirabrasilma.com\/wp-content\/uploads\/2024\/10\/groupe-capoeira-maisons-alfort-1024x768.jpeg"},{"@type":"BreadcrumbList","@id":"https:\/\/capoeirabrasilma.com\/index.php\/contact\/#breadcrumb","itemListElement":[{"@type":"ListItem","position":1,"name":"Accueil","item":"https:\/\/capoeirabrasilma.com\/"},{"@type":"ListItem","position":2,"name":"Contact"}]},{"@type":"WebSite","@id":"https:\/\/capoeirabrasilma.com\/#website","url":"https:\/\/capoeirabrasilma.com\/","name":"Capoeira Maisons-Alfort","description":"Capoeira Maisons-Alfort","publisher":{"@id":"https:\/\/capoeirabrasilma.com\/#organization"},"alternateName":"Capoeira Maisons-Alfort","potentialAction":[{"@type":"SearchAction","target":{"@type":"EntryPoint","urlTemplate":"https:\/\/capoeirabrasilma.com\/?s={search_term_string}"},"query-input":{"@type":"PropertyValueSpecification","valueRequired":true,"valueName":"search_term_string"}}],"inLanguage":"fr-FR"},{"@type":"Organization","@id":"https:\/\/capoeirabrasilma.com\/#organization","name":"Capoeira Maisons-Alfort","alternateName":"Capoeira braise maisons alfort","url":"https:\/\/capoeirabrasilma.com\/","logo":{"@type":"ImageObject","inLanguage":"fr-FR","@id":"https:\/\/capoeirabrasilma.com\/#\/schema\/logo\/image\/","url":"https:\/\/capoeirabrasilma.com\/wp-content\/uploads\/2024\/10\/cropped-logo-capoeira-brasil.jpeg","contentUrl":"https:\/\/capoeirabrasilma.com\/wp-content\/uploads\/2024\/10\/cropped-logo-capoeira-brasil.jpeg","width":1010,"height":1000,"caption":"Capoeira Maisons-Alfort"},"image":{"@id":"https:\/\/capoeirabrasilma.com\/#\/schema\/logo\/image\/"},"sameAs":["https:\/\/www.facebook.com\/capoeiramaisonsalfort","https:\/\/www.instagram.com\/capoeiramaisonsalfort\/?igsh=MTk4ZHA5bDV1NXNqbA"]}]}},"_links":{"self":[{"href":"https:\/\/capoeirabrasilma.com\/index.php\/wp-json\/wp\/v2\/pages\/81","targetHints":{"allow":["GET"]}}],"collection":[{"href":"https:\/\/capoeirabrasilma.com\/index.php\/wp-json\/wp\/v2\/pages"}],"about":[{"href":"https:\/\/capoeirabrasilma.com\/index.php\/wp-json\/wp\/v2\/types\/page"}],"author":[{"embeddable":true,"href":"https:\/\/capoeirabrasilma.com\/index.php\/wp-json\/wp\/v2\/users\/1"}],"replies":[{"embeddable":true,"href":"https:\/\/capoeirabrasilma.com\/index.php\/wp-json\/wp\/v2\/comments?post=81"}],"version-history":[{"count":25,"href":"https:\/\/capoeirabrasilma.com\/index.php\/wp-json\/wp\/v2\/pages\/81\/revisions"}],"predecessor-version":[{"id":952,"href":"https:\/\/capoeirabrasilma.com\/index.php\/wp-json\/wp\/v2\/pages\/81\/revisions\/952"}],"wp:attachment":[{"href":"https:\/\/capoeirabrasilma.com\/index.php\/wp-json\/wp\/v2\/media?parent=81"}],"curies":[{"name":"wp","href":"https:\/\/api.w.org\/{rel}","templated":true}]}}