{"id":915,"date":"2025-09-05T16:09:23","date_gmt":"2025-09-05T14:09:23","guid":{"rendered":"https:\/\/capoeirabrasilma.com\/?page_id=915"},"modified":"2025-11-29T20:37:54","modified_gmt":"2025-11-29T19:37:54","slug":"batizado","status":"publish","type":"page","link":"https:\/\/capoeirabrasilma.com\/index.php\/batizado\/","title":{"rendered":"Batizado e Troca de corda"},"content":{"rendered":"\t\t<div data-elementor-type=\"wp-page\" data-elementor-id=\"915\" class=\"elementor elementor-915\">\n\t\t\t\t<div class=\"elementor-element elementor-element-969dd8f e-flex e-con-boxed e-con e-parent\" data-id=\"969dd8f\" data-element_type=\"container\">\n\t\t\t\t\t<div class=\"e-con-inner\">\n\t\t\t\t<div class=\"elementor-element elementor-element-dc4736a elementor-widget elementor-widget-heading\" data-id=\"dc4736a\" data-element_type=\"widget\" data-widget_type=\"heading.default\">\n\t\t\t\t<div class=\"elementor-widget-container\">\n\t\t\t\t\t<h2 class=\"elementor-heading-title elementor-size-default\">Batizado e Troca de corda<\/h2>\t\t\t\t<\/div>\n\t\t\t\t<\/div>\n\t\t\t\t\t<\/div>\n\t\t\t\t<\/div>\n\t\t<div class=\"elementor-element elementor-element-922ae76 e-flex e-con-boxed e-con e-parent\" data-id=\"922ae76\" data-element_type=\"container\">\n\t\t\t\t\t<div class=\"e-con-inner\">\n\t\t\t\t<div class=\"elementor-element elementor-element-fb9c15a elementor-widget-divider--view-line elementor-widget elementor-widget-divider\" data-id=\"fb9c15a\" data-element_type=\"widget\" data-widget_type=\"divider.default\">\n\t\t\t\t<div class=\"elementor-widget-container\">\n\t\t\t\t\t\t\t<div class=\"elementor-divider\">\n\t\t\t<span class=\"elementor-divider-separator\">\n\t\t\t\t\t\t<\/span>\n\t\t<\/div>\n\t\t\t\t\t\t<\/div>\n\t\t\t\t<\/div>\n\t\t\t\t<div class=\"elementor-element elementor-element-685a2bf elementor-widget elementor-widget-text-editor\" data-id=\"685a2bf\" data-element_type=\"widget\" data-widget_type=\"text-editor.default\">\n\t\t\t\t<div class=\"elementor-widget-container\">\n\t\t\t\t\t\t\t\t\t<p>Pour des raisons ind\u00e9pendantes de notre volont\u00e9, nous avons \u00e9t\u00e9 dans l&rsquo;obligation de reporter le batizado pr\u00e9vu du 29 octobre au 2 novembre 2025.<\/p><p>Nous mettons tout en \u0153uvre pour fixer une nouvelle date et vous donner plus d&rsquo;informations le plus t\u00f4t possible.<\/p>\t\t\t\t\t\t\t\t<\/div>\n\t\t\t\t<\/div>\n\t\t\t\t\t<\/div>\n\t\t\t\t<\/div>\n\t\t\t\t<\/div>\n\t\t","protected":false},"excerpt":{"rendered":"<p>Batizado e Troca de corda Pour des raisons ind\u00e9pendantes de notre volont\u00e9, nous avons \u00e9t\u00e9 dans l&rsquo;obligation de reporter le batizado pr\u00e9vu du 29 octobre au 2 novembre 2025. Nous mettons tout en \u0153uvre pour fixer une nouvelle date et vous donner plus d&rsquo;informations le plus t\u00f4t possible.<\/p>\n","protected":false},"author":1,"featured_media":0,"parent":0,"menu_order":0,"comment_status":"closed","ping_status":"closed","template":"","meta":{"_eb_attr":"","footnotes":""},"class_list":["post-915","page","type-page","status-publish","hentry","entry"],"yoast_head":"<!-- This site is optimized with the Yoast SEO plugin v23.7 - https:\/\/yoast.com\/wordpress\/plugins\/seo\/ -->\n<title>Batizado e Troca de corda - Capoeira Maisons-Alfort<\/title>\n<meta name=\"description\" content=\"Une question ? Une remarque ? Besoin d&#039;informations suppl\u00e9mentaires sur la capoeira \u00e0 Maisons-Alfort ? N&#039;h\u00e9site pas \u00e0 nous contacter\" \/>\n<meta name=\"robots\" content=\"index, follow, max-snippet:-1, max-image-preview:large, max-video-preview:-1\" \/>\n<link rel=\"canonical\" href=\"https:\/\/capoeirabrasilma.com\/index.php\/batizado\/\" \/>\n<meta property=\"og:locale\" content=\"fr_FR\" \/>\n<meta property=\"og:type\" content=\"article\" \/>\n<meta property=\"og:title\" content=\"Batizado e Troca de corda - Capoeira Maisons-Alfort\" \/>\n<meta property=\"og:description\" content=\"Une question ? Une remarque ? Besoin d&#039;informations suppl\u00e9mentaires sur la capoeira \u00e0 Maisons-Alfort ? N&#039;h\u00e9site pas \u00e0 nous contacter\" \/>\n<meta property=\"og:url\" content=\"https:\/\/capoeirabrasilma.com\/index.php\/batizado\/\" \/>\n<meta property=\"og:site_name\" content=\"Capoeira Maisons-Alfort\" \/>\n<meta property=\"article:publisher\" content=\"https:\/\/www.facebook.com\/capoeiramaisonsalfort\" \/>\n<meta property=\"article:modified_time\" content=\"2025-11-29T19:37:54+00:00\" \/>\n<meta property=\"og:image\" content=\"https:\/\/capoeirabrasilma.com\/wp-content\/uploads\/2024\/10\/cropped-logo-capoeira-brasil.jpeg\" \/>\n\t<meta property=\"og:image:width\" content=\"1010\" \/>\n\t<meta property=\"og:image:height\" content=\"1000\" \/>\n\t<meta property=\"og:image:type\" content=\"image\/jpeg\" \/>\n<meta name=\"twitter:card\" content=\"summary_large_image\" \/>\n<meta name=\"twitter:label1\" content=\"Dur\u00e9e de lecture estim\u00e9e\" \/>\n\t<meta name=\"twitter:data1\" content=\"1 minute\" \/>\n<script type=\"application\/ld+json\" class=\"yoast-schema-graph\">{\"@context\":\"https:\/\/schema.org\",\"@graph\":[{\"@type\":\"WebPage\",\"@id\":\"https:\/\/capoeirabrasilma.com\/index.php\/batizado\/\",\"url\":\"https:\/\/capoeirabrasilma.com\/index.php\/batizado\/\",\"name\":\"Batizado e Troca de corda - Capoeira Maisons-Alfort\",\"isPartOf\":{\"@id\":\"https:\/\/capoeirabrasilma.com\/#website\"},\"datePublished\":\"2025-09-05T14:09:23+00:00\",\"dateModified\":\"2025-11-29T19:37:54+00:00\",\"description\":\"Une question ? Une remarque ? Besoin d'informations suppl\u00e9mentaires sur la capoeira \u00e0 Maisons-Alfort ? N'h\u00e9site pas \u00e0 nous contacter\",\"breadcrumb\":{\"@id\":\"https:\/\/capoeirabrasilma.com\/index.php\/batizado\/#breadcrumb\"},\"inLanguage\":\"fr-FR\",\"potentialAction\":[{\"@type\":\"ReadAction\",\"target\":[\"https:\/\/capoeirabrasilma.com\/index.php\/batizado\/\"]}]},{\"@type\":\"BreadcrumbList\",\"@id\":\"https:\/\/capoeirabrasilma.com\/index.php\/batizado\/#breadcrumb\",\"itemListElement\":[{\"@type\":\"ListItem\",\"position\":1,\"name\":\"Accueil\",\"item\":\"https:\/\/capoeirabrasilma.com\/\"},{\"@type\":\"ListItem\",\"position\":2,\"name\":\"Batizado e Troca de corda\"}]},{\"@type\":\"WebSite\",\"@id\":\"https:\/\/capoeirabrasilma.com\/#website\",\"url\":\"https:\/\/capoeirabrasilma.com\/\",\"name\":\"Capoeira Maisons-Alfort\",\"description\":\"Capoeira Maisons-Alfort\",\"publisher\":{\"@id\":\"https:\/\/capoeirabrasilma.com\/#organization\"},\"alternateName\":\"Capoeira Maisons-Alfort\",\"potentialAction\":[{\"@type\":\"SearchAction\",\"target\":{\"@type\":\"EntryPoint\",\"urlTemplate\":\"https:\/\/capoeirabrasilma.com\/?s={search_term_string}\"},\"query-input\":{\"@type\":\"PropertyValueSpecification\",\"valueRequired\":true,\"valueName\":\"search_term_string\"}}],\"inLanguage\":\"fr-FR\"},{\"@type\":\"Organization\",\"@id\":\"https:\/\/capoeirabrasilma.com\/#organization\",\"name\":\"Capoeira Maisons-Alfort\",\"alternateName\":\"Capoeira braise maisons alfort\",\"url\":\"https:\/\/capoeirabrasilma.com\/\",\"logo\":{\"@type\":\"ImageObject\",\"inLanguage\":\"fr-FR\",\"@id\":\"https:\/\/capoeirabrasilma.com\/#\/schema\/logo\/image\/\",\"url\":\"https:\/\/capoeirabrasilma.com\/wp-content\/uploads\/2024\/10\/cropped-logo-capoeira-brasil.jpeg\",\"contentUrl\":\"https:\/\/capoeirabrasilma.com\/wp-content\/uploads\/2024\/10\/cropped-logo-capoeira-brasil.jpeg\",\"width\":1010,\"height\":1000,\"caption\":\"Capoeira Maisons-Alfort\"},\"image\":{\"@id\":\"https:\/\/capoeirabrasilma.com\/#\/schema\/logo\/image\/\"},\"sameAs\":[\"https:\/\/www.facebook.com\/capoeiramaisonsalfort\",\"https:\/\/www.instagram.com\/capoeiramaisonsalfort\/?igsh=MTk4ZHA5bDV1NXNqbA\"]}]}<\/script>\n<!-- \/ Yoast SEO plugin. -->","yoast_head_json":{"title":"Batizado e Troca de corda - Capoeira Maisons-Alfort","description":"Une question ? Une remarque ? Besoin d'informations suppl\u00e9mentaires sur la capoeira \u00e0 Maisons-Alfort ? N'h\u00e9site pas \u00e0 nous contacter","robots":{"index":"index","follow":"follow","max-snippet":"max-snippet:-1","max-image-preview":"max-image-preview:large","max-video-preview":"max-video-preview:-1"},"canonical":"https:\/\/capoeirabrasilma.com\/index.php\/batizado\/","og_locale":"fr_FR","og_type":"article","og_title":"Batizado e Troca de corda - Capoeira Maisons-Alfort","og_description":"Une question ? Une remarque ? Besoin d'informations suppl\u00e9mentaires sur la capoeira \u00e0 Maisons-Alfort ? N'h\u00e9site pas \u00e0 nous contacter","og_url":"https:\/\/capoeirabrasilma.com\/index.php\/batizado\/","og_site_name":"Capoeira Maisons-Alfort","article_publisher":"https:\/\/www.facebook.com\/capoeiramaisonsalfort","article_modified_time":"2025-11-29T19:37:54+00:00","og_image":[{"width":1010,"height":1000,"url":"https:\/\/capoeirabrasilma.com\/wp-content\/uploads\/2024\/10\/cropped-logo-capoeira-brasil.jpeg","type":"image\/jpeg"}],"twitter_card":"summary_large_image","twitter_misc":{"Dur\u00e9e de lecture estim\u00e9e":"1 minute"},"schema":{"@context":"https:\/\/schema.org","@graph":[{"@type":"WebPage","@id":"https:\/\/capoeirabrasilma.com\/index.php\/batizado\/","url":"https:\/\/capoeirabrasilma.com\/index.php\/batizado\/","name":"Batizado e Troca de corda - Capoeira Maisons-Alfort","isPartOf":{"@id":"https:\/\/capoeirabrasilma.com\/#website"},"datePublished":"2025-09-05T14:09:23+00:00","dateModified":"2025-11-29T19:37:54+00:00","description":"Une question ? Une remarque ? Besoin d'informations suppl\u00e9mentaires sur la capoeira \u00e0 Maisons-Alfort ? N'h\u00e9site pas \u00e0 nous contacter","breadcrumb":{"@id":"https:\/\/capoeirabrasilma.com\/index.php\/batizado\/#breadcrumb"},"inLanguage":"fr-FR","potentialAction":[{"@type":"ReadAction","target":["https:\/\/capoeirabrasilma.com\/index.php\/batizado\/"]}]},{"@type":"BreadcrumbList","@id":"https:\/\/capoeirabrasilma.com\/index.php\/batizado\/#breadcrumb","itemListElement":[{"@type":"ListItem","position":1,"name":"Accueil","item":"https:\/\/capoeirabrasilma.com\/"},{"@type":"ListItem","position":2,"name":"Batizado e Troca de corda"}]},{"@type":"WebSite","@id":"https:\/\/capoeirabrasilma.com\/#website","url":"https:\/\/capoeirabrasilma.com\/","name":"Capoeira Maisons-Alfort","description":"Capoeira Maisons-Alfort","publisher":{"@id":"https:\/\/capoeirabrasilma.com\/#organization"},"alternateName":"Capoeira Maisons-Alfort","potentialAction":[{"@type":"SearchAction","target":{"@type":"EntryPoint","urlTemplate":"https:\/\/capoeirabrasilma.com\/?s={search_term_string}"},"query-input":{"@type":"PropertyValueSpecification","valueRequired":true,"valueName":"search_term_string"}}],"inLanguage":"fr-FR"},{"@type":"Organization","@id":"https:\/\/capoeirabrasilma.com\/#organization","name":"Capoeira Maisons-Alfort","alternateName":"Capoeira braise maisons alfort","url":"https:\/\/capoeirabrasilma.com\/","logo":{"@type":"ImageObject","inLanguage":"fr-FR","@id":"https:\/\/capoeirabrasilma.com\/#\/schema\/logo\/image\/","url":"https:\/\/capoeirabrasilma.com\/wp-content\/uploads\/2024\/10\/cropped-logo-capoeira-brasil.jpeg","contentUrl":"https:\/\/capoeirabrasilma.com\/wp-content\/uploads\/2024\/10\/cropped-logo-capoeira-brasil.jpeg","width":1010,"height":1000,"caption":"Capoeira Maisons-Alfort"},"image":{"@id":"https:\/\/capoeirabrasilma.com\/#\/schema\/logo\/image\/"},"sameAs":["https:\/\/www.facebook.com\/capoeiramaisonsalfort","https:\/\/www.instagram.com\/capoeiramaisonsalfort\/?igsh=MTk4ZHA5bDV1NXNqbA"]}]}},"_links":{"self":[{"href":"https:\/\/capoeirabrasilma.com\/index.php\/wp-json\/wp\/v2\/pages\/915","targetHints":{"allow":["GET"]}}],"collection":[{"href":"https:\/\/capoeirabrasilma.com\/index.php\/wp-json\/wp\/v2\/pages"}],"about":[{"href":"https:\/\/capoeirabrasilma.com\/index.php\/wp-json\/wp\/v2\/types\/page"}],"author":[{"embeddable":true,"href":"https:\/\/capoeirabrasilma.com\/index.php\/wp-json\/wp\/v2\/users\/1"}],"replies":[{"embeddable":true,"href":"https:\/\/capoeirabrasilma.com\/index.php\/wp-json\/wp\/v2\/comments?post=915"}],"version-history":[{"count":10,"href":"https:\/\/capoeirabrasilma.com\/index.php\/wp-json\/wp\/v2\/pages\/915\/revisions"}],"predecessor-version":[{"id":999,"href":"https:\/\/capoeirabrasilma.com\/index.php\/wp-json\/wp\/v2\/pages\/915\/revisions\/999"}],"wp:attachment":[{"href":"https:\/\/capoeirabrasilma.com\/index.php\/wp-json\/wp\/v2\/media?parent=915"}],"curies":[{"name":"wp","href":"https:\/\/api.w.org\/{rel}","templated":true}]}}